{"id":2,"date":"2012-06-05T10:45:34","date_gmt":"2012-06-05T10:45:34","guid":{"rendered":"http:\/\/userpage.fu-berlin.de\/~rober\/blog\/?page_id=2"},"modified":"2014-11-12T18:54:58","modified_gmt":"2014-11-12T17:54:58","slug":"impressum","status":"publish","type":"page","link":"https:\/\/userpage.fu-berlin.de\/~rober\/blog\/impressum\/","title":{"rendered":"Impressum &#038; Co."},"content":{"rendered":"<h2>Impressum<\/h2>\n<p>Im bundesdeutschen Web h\u00e4lt sich hartn\u00e4ckig die Meinung, dass alle Webangebote mit einem Impressum versehen sein m\u00fcssen. Das macht es nat\u00fcrlich leichter, den Betreiber einer Website fassbar zu machen, vor allem dann, wenn er (oder sie) Unfassbares von sich gibt. und das wiederum ist mit so einer Blog-Software im Handumdrehen gemacht. Hier also ein Im<span style=\"color: #c0c0c0;\">Word<span style=\"color: #808080;\">Press<\/span><\/span>um.<\/p>\n<blockquote>\n<p style=\"text-align: left;\">Dies ist eine private Webseite von<\/p>\n<p style=\"text-align: left;\">Robert Sch\u00fcttler &lt;<a title=\"E-Mail Kontakt\" href=\"mailto:rober@zedat.fu-berlin.de\">rober@zedat.fu-berlin.de<\/a>&gt;<\/p>\n<p style=\"text-align: left;\">zum Testen von WordPress<\/p>\n<\/blockquote>\n<h2><\/h2>\n<h2>Disclaimer<\/h2>\n<p>Noch schlimmer als die Sache mit dem Impressum sind Disclaimer. Zum Gl\u00fcck gibts da aber echt gute &#8220;aus der T\u00fcte&#8221;. Wer einen mag, bediene sich also bitte einfach unter: <a title=\"Discalimer f\u00fcr alle\" href=\"http:\/\/www.disclaimer.de\/disclaimer.htm\">http:\/\/www.disclaimer.de<\/a><\/p>\n","protected":false},"excerpt":{"rendered":"<p>Impressum Im bundesdeutschen Web h\u00e4lt sich hartn\u00e4ckig die Meinung, dass alle Webangebote mit einem Impressum versehen sein m\u00fcssen. Das macht es nat\u00fcrlich leichter, den Betreiber einer Website fassbar zu machen, vor allem dann, wenn er (oder sie) Unfassbares von sich gibt. und das wiederum ist mit so einer Blog-Software im Handumdrehen gemacht. Hier also ein [&hellip;]<\/p>\n","protected":false},"author":1,"featured_media":0,"parent":0,"menu_order":0,"comment_status":"open","ping_status":"open","template":"","meta":{"ngg_post_thumbnail":0,"footnotes":""},"_links":{"self":[{"href":"https:\/\/userpage.fu-berlin.de\/~rober\/blog\/wp-json\/wp\/v2\/pages\/2"}],"collection":[{"href":"https:\/\/userpage.fu-berlin.de\/~rober\/blog\/wp-json\/wp\/v2\/pages"}],"about":[{"href":"https:\/\/userpage.fu-berlin.de\/~rober\/blog\/wp-json\/wp\/v2\/types\/page"}],"author":[{"embeddable":true,"href":"https:\/\/userpage.fu-berlin.de\/~rober\/blog\/wp-json\/wp\/v2\/users\/1"}],"replies":[{"embeddable":true,"href":"https:\/\/userpage.fu-berlin.de\/~rober\/blog\/wp-json\/wp\/v2\/comments?post=2"}],"version-history":[{"count":6,"href":"https:\/\/userpage.fu-berlin.de\/~rober\/blog\/wp-json\/wp\/v2\/pages\/2\/revisions"}],"predecessor-version":[{"id":270,"href":"https:\/\/userpage.fu-berlin.de\/~rober\/blog\/wp-json\/wp\/v2\/pages\/2\/revisions\/270"}],"wp:attachment":[{"href":"https:\/\/userpage.fu-berlin.de\/~rober\/blog\/wp-json\/wp\/v2\/media?parent=2"}],"curies":[{"name":"wp","href":"https:\/\/api.w.org\/{rel}","templated":true}]}}