{"id":707,"date":"2017-05-29T23:32:04","date_gmt":"2017-05-29T21:32:04","guid":{"rendered":"http:\/\/userpage.fu-berlin.de\/~eigler\/?page_id=707"},"modified":"2025-04-15T13:54:28","modified_gmt":"2025-04-15T11:54:28","slug":"dr-patrick-feicht","status":"publish","type":"page","link":"https:\/\/userpage.fu-berlin.de\/~eigler\/home\/former-group-members\/dr-patrick-feicht\/","title":{"rendered":"Dr. Patrick Feicht"},"content":{"rendered":"<table style=\"height: 196px;\" width=\"796\">\n<tbody>\n<tr>\n<td><img loading=\"lazy\" decoding=\"async\" class=\"alignnone wp-image-728 size-medium\" src=\"http:\/\/userpage.fu-berlin.de\/~eigler\/wp-content\/uploads\/2017\/05\/SD-12479-_0091bea-web-300x220.jpg\" alt=\"\" width=\"300\" height=\"220\" srcset=\"https:\/\/userpage.fu-berlin.de\/~eigler\/wp-content\/uploads\/2017\/05\/SD-12479-_0091bea-web-300x220.jpg 300w, https:\/\/userpage.fu-berlin.de\/~eigler\/wp-content\/uploads\/2017\/05\/SD-12479-_0091bea-web-768x563.jpg 768w, https:\/\/userpage.fu-berlin.de\/~eigler\/wp-content\/uploads\/2017\/05\/SD-12479-_0091bea-web-1024x750.jpg 1024w, https:\/\/userpage.fu-berlin.de\/~eigler\/wp-content\/uploads\/2017\/05\/SD-12479-_0091bea-web.jpg 1134w\" sizes=\"(max-width: 300px) 100vw, 300px\" \/><\/td>\n<td>Dr.\u00a0Patrick Feicht<br \/>\n(PostDoc)<\/p>\n<p>Freie Universit\u00e4t Berlin (FU-Berlin)<br \/>\nInstitut f\u00fcr Chemie und Biochemie<br \/>\nTakustra\u00dfe 3<br \/>\n14195 Berlin, Germany<\/p>\n<p>Mail:\u00a0<a style=\"font-family: inherit; font-size: inherit;\" href=\"mailto:patrick.feicht@fu-berlin.de\">patrick.feicht@fu-berlin.de<\/a><\/td>\n<\/tr>\n<\/tbody>\n<\/table>\n<p><strong>Scientific<\/strong><\/p>\n<table style=\"height: 197px;\" width=\"752\">\n<tbody>\n<tr>\n<td>\n<div class=\"pub \"><strong>PhD Thesis<br \/>\n<\/strong><em>&#8220;Marginalien zu Graphitverbindungen<\/em><em>\u201d<br \/>\n<\/em><span style=\"font-family: inherit; font-size: inherit;\">supervision by Prof. Dr. Josef Breu, Universit\u00e4t Bayreuth<\/span><\/div>\n<div class=\"pub \">\n<p><strong>Diploma\u00a0Thesis<br \/>\n<\/strong><em style=\"font-family: inherit; font-size: inherit;\">\u201cSynthese bimetallischer Komplexe mit einem makrozyklischen Schiffsche Base Liganden<\/em><em style=\"font-family: inherit; font-size: inherit;\">\u201d<br \/>\n<\/em><span style=\"font-family: inherit; font-size: inherit;\">supervision by Prof. Dr. Dr. h.c. Bernhard Rieger, Technische Universit\u00e4t M\u00fcnchen<\/span><\/p>\n<\/div>\n<div class=\"pub \">\n<p><strong style=\"font-family: inherit; font-size: inherit;\">Research Topic<\/strong><br \/>\nGraphene Oxide, Graphene, Functionalization, Post-Processing, Application.<\/p>\n<\/div>\n<\/td>\n<\/tr>\n<\/tbody>\n<\/table>\n<div><strong>Curriculum Vitae<br \/>\n<\/strong><\/div>\n<table style=\"height: 209px;\" border=\"0\" width=\"883\">\n<tbody>\n<tr>\n<td style=\"width: 150px;\"><strong>07\/2017 &#8211; 12\/2018<br \/>\n<\/strong><\/td>\n<td>Postdoctoral researcher in the group of Prof. Dr. Siegfried Eigler at <em>Freie Universit\u00e4t Berlin<\/em><\/td>\n<\/tr>\n<tr>\n<td style=\"width: 150px;\"><strong>09\/2009 &#8211; 01\/2017\u00a0<\/strong><\/td>\n<td>\u00a0PhD-student in inorganic chemistry in the group of Prof. Dr. Josef Breu at <i>Universit\u00e4t Bayreuth<\/i><\/td>\n<\/tr>\n<tr>\n<td style=\"width: 150px;\"><strong>09\/2001 &#8211;\u00a011\/2008\u00a0<\/strong><\/td>\n<td>Diploma\u00a0studies in Chemistry (Dipl.-Chem.) at <em>Technische Universit\u00e4t M\u00fcnchen<\/em><\/td>\n<\/tr>\n<\/tbody>\n<\/table>\n<div><\/div>\n<div><strong>Publications<\/strong><\/div>\n<div>\n<table style=\"height: 928px;\" width=\"1896\">\n<tbody>\n<tr>\n<td>\n<p class=\"layoutArea\"><strong>12)<\/strong> <strong>P. Feicht<\/strong>, J. Biskupek, T. E. Gorelik, J. Renner, C. E. Halbig, M. Maranska, F. Puchtler, U. Kaiser and S. Eigler<br \/>\n<em>Brodie or Hummers &#8211; Oxidation Conditions Determine the Structure of Graphene Oxide.<br \/>\n<\/em><em><a href=\"https:\/\/doi.org\/10.1002\/chem.201901499\">Chem. Eur. J., <strong>2019<\/strong><\/a>.\u00a0<\/em><\/p>\n<p class=\"layoutArea\"><strong>11)<\/strong>\u00a0Han, Y. Sun, S. Li, C. Cheng, C. E. Halbig, <strong>P. Feicht<\/strong>, P. Strasser and S. Eigler<br \/>\n<em>In-plane Carbon Lattice-defect Regulating Electrochemical Oxygen Reduction to Hydrogen Peroxide Production over Nitrogen-doped Graphene.<br \/>\n<\/em><a href=\"http:\/\/doi.org\/10.1021\/acscatal.8b03734\"><em>ACS Catal.\u00a0<\/em><span class=\"pubYear\"><strong><em>2019<\/em><\/strong><em>, 9,<\/em> 1283-1288<\/span><\/a><\/p>\n<p class=\"pub \"><span style=\"font-family: inherit; font-size: inherit;\"><strong>10)<\/strong> <strong>P. Feicht<\/strong> and S. Eigler<br \/>\n<\/span><em style=\"font-family: inherit; font-size: inherit;\">Defects in Graphene Oxide as Structural Motif.<br \/>\n<\/em><a style=\"font-family: inherit; font-size: inherit;\" href=\"https:\/\/doi.org\/10.1002\/cnma.201700357\"><em><span class=\"pubJournal\">Chem. Nano Mat.<\/span><\/em><span class=\"pubJournal\"><i>,<\/i> <b>2018<\/b>, <i>4<\/i>, 244.<\/span><\/a><\/p>\n<p class=\"pub \"><strong><span style=\"font-family: inherit; font-size: inherit;\">9) <\/span><\/strong><span style=\"font-family: inherit; font-size: inherit;\">Evgeny S. Tsurko, <\/span><strong style=\"font-family: inherit; font-size: inherit;\">Patrick Feicht<\/strong><span style=\"font-family: inherit; font-size: inherit;\">, Christoph Habel, Theresa Schilling, Matthias Daab, Sabine Rosenfeldt, Josef Breu<br \/>\n<\/span><em>Can high oxygen and water vapor barrier nanocomposite coatings be obtained with a waterborne formulation?<\/em><br \/>\n<a href=\"https:\/\/doi.org\/10.1016\/j.memsci.2017.06.051\"><em>Journal of Membrane Science<\/em>,\u00a0<strong>2017<\/strong>, <em>540<\/em>, 212-218.<\/a><\/p>\n<p class=\"pub \"><strong>8)\u00a0<\/strong><span style=\"font-family: inherit; font-size: inherit;\">Evgeny S. Tsurko\u00b9, <\/span><strong style=\"font-family: inherit; font-size: inherit;\">Patrick Feicht\u00b9<\/strong><span style=\"font-family: inherit; font-size: inherit;\">, Frederik Nehm, Kevin Ament, Sabine Rosenfeldt, Ines Pietsch, Konrad Roschmann, Hussein Kalo, Josef Breu<br \/>\n<\/span><em>Large Scale Self-Assembly of Smectic Nanocomposite Films by Doctor Blading versus Spray Coating: Impact of Crystal Quality on Barrier Properties.<\/em><br \/>\n<a href=\"http:\/\/pubs.acs.org\/doi\/abs\/10.1021\/acs.macromol.7b00701\"><em>Macromolecules<\/em>,\u00a0<strong>2017<\/strong>, <em>50<\/em>, 4344\u20134350.<\/a><\/p>\n<p><strong style=\"font-family: inherit; font-size: inherit;\">7) Patrick\u00a0Feicht<\/strong><span style=\"font-family: inherit; font-size: inherit;\">, Ren\u00e9e Siegel, Herbert Thurn, Jens W. Neubauer, Maximilian Seuss, Tam\u00e1s Szab\u00f3, Alexandr V. Talyzin, Christian Halbig, Siegfried Eigler, Daniel A. Kunz, Andreas Fery, Georg Papastavrou, J\u00fcrgen Senker, Josef Breu<br \/>\n<\/span><em>Systematic evaluation of different types of graphene oxide in respect to variations in their in-plane modulus.<\/em><br \/>\n<a href=\"http:\/\/linkinghub.elsevier.com\/retrieve\/pii\/S0008622316311423\"><em>Carbon<\/em>, <strong>2017<\/strong>, <em>117<\/em>, 700-705.<\/a><\/p>\n<p><strong>6)<\/strong>\u00a0<span style=\"font-family: inherit; font-size: inherit;\">Matthias St\u00f6ter, Sebastian G\u00f6drich, <\/span><strong style=\"font-family: inherit; font-size: inherit;\">Patrick Feicht<\/strong><span style=\"font-family: inherit; font-size: inherit;\">, Sabine Rosenfeldt, Herbert Thurn, Jens W. Neubauer, Maximilian Seuss, Peter Lindner, Hussein Kalo, Michael M\u00f6ller, Andreas Fery, Stephan F\u00f6rster, Georg Papastavrou, Josef Breu<br \/>\n<\/span><em>Controlled Exfoliation of Layered Silicate Heterostructures into Bilayers and Their Conversion into Giant Janus Platelets.<br \/>\n<\/em><a href=\"http:\/\/doi.wiley.com\/10.1002\/anie.201601611\"><em>Angew. Chem.<\/em>, <strong>2016<\/strong>, <em>55<\/em>, 7398-7402.,<br \/>\n<em>Angew. Chem. Int. Ed.<\/em>, <strong>2016<\/strong>, <em>55<\/em>, 7398-7402.<\/a><\/p>\n<p><strong>5)<\/strong> Andreas Edenharter\u00b9, <strong>Patrick Feicht\u00b9<\/strong>, Bashar Diar-Bakerly, G\u00fcnter Beyer, Josef Breu<br \/>\n<em>Superior flame retardant by combining high aspect ratio layered double hydroxide and graphene oxide.<\/em><br \/>\n<a href=\"http:\/\/www.sciencedirect.com\/science\/article\/pii\/S0032386116301604\"><em>Polymer<\/em>, <strong>2016<\/strong>, <em>91<\/em>, 41-49.<\/a><\/p>\n<p><strong>4)<\/strong>\u00a0<strong>Patrick Feicht<\/strong>, Josef Breu<br \/>\n<em>Gas-phase Preparation of SO3-Graphite: Host-Exchange and Exfoliation<\/em><br \/>\n<a href=\"http:\/\/doi.wiley.com\/10.1002\/zaac.201500168\"><em>Z. Anorg. Allg. Chem.<\/em>, <strong>2015<\/strong>, <em>641<\/em>, 1093-1098.<\/a><\/p>\n<p><strong>3)\u00a0Patrick Feicht<\/strong>, Daniel A. Kunz, Anton Lerf, Josef Breu<br \/>\n<em>Facile and scalable one-step production of organically modified graphene oxide by a two-phase extraction.<\/em><br \/>\n<a href=\"http:\/\/linkinghub.elsevier.com\/retrieve\/pii\/S000862231400801X\"><em>Carbon<\/em> <strong>2014<\/strong>, <em>80<\/em>, 229-234.<\/a><\/p>\n<p><strong>2)<\/strong>\u00a0Daniel A. Kunz, Jasmin Schmid, <strong>Patrick Feicht<\/strong>, Johann Erath, Andreas Fery, Josef Breu<br \/>\n<em>Clay-Based Nanocomposite Coating for Flexible Optoelectronics Applying Commercial Polymers.<\/em><br \/>\n<a href=\"http:\/\/pubs.acs.org\/doi\/abs\/10.1021\/nn400713e\"><em>ACS Nano<\/em>, <strong>2013<\/strong>, <em>7<\/em>, 4275-4280<\/a><\/p>\n<p><strong>1)<\/strong>\u00a0Daniel A. Kunz, <strong>Patrick Feicht<\/strong>, Sebastian G\u00f6drich, Herbert Thurn, Georg Papastavrou, Andreas Fery, Josef Breu<br \/>\n<em>Space-Resolved In-Plane Moduli of Graphene Oxide and Chemically Derived Graphene Applying a Simple Wrinkling Procedure<\/em><br \/>\n<a href=\"http:\/\/doi.wiley.com\/10.1002\/adma.201204049\"><em>Adv. Mater.<\/em> <strong>2013<\/strong>, <em>25<\/em>, 1337-1341.<\/a><\/p>\n<p>\u00b9 these authors contributed equally to the manuscript<\/td>\n<\/tr>\n<\/tbody>\n<\/table>\n<\/div>\n","protected":false},"excerpt":{"rendered":"<p>Dr.\u00a0Patrick Feicht (PostDoc) Freie Universit\u00e4t Berlin (FU-Berlin) Institut f\u00fcr Chemie und Biochemie Takustra\u00dfe 3 14195 Berlin, Germany Mail:\u00a0patrick.feicht@fu-berlin.de Scientific PhD Thesis &#8220;Marginalien zu Graphitverbindungen\u201d supervision by Prof. Dr. Josef Breu, Universit\u00e4t Bayreuth Diploma\u00a0Thesis \u201cSynthese bimetallischer Komplexe mit einem makrozyklischen Schiffsche Base Liganden\u201d supervision by Prof. Dr. Dr. h.c. Bernhard Rieger, Technische Universit\u00e4t M\u00fcnchen Research Topic [&hellip;]<\/p>\n","protected":false},"author":1,"featured_media":0,"parent":1201,"menu_order":2,"comment_status":"closed","ping_status":"closed","template":"","meta":{"footnotes":""},"_links":{"self":[{"href":"https:\/\/userpage.fu-berlin.de\/~eigler\/wp-json\/wp\/v2\/pages\/707"}],"collection":[{"href":"https:\/\/userpage.fu-berlin.de\/~eigler\/wp-json\/wp\/v2\/pages"}],"about":[{"href":"https:\/\/userpage.fu-berlin.de\/~eigler\/wp-json\/wp\/v2\/types\/page"}],"author":[{"embeddable":true,"href":"https:\/\/userpage.fu-berlin.de\/~eigler\/wp-json\/wp\/v2\/users\/1"}],"replies":[{"embeddable":true,"href":"https:\/\/userpage.fu-berlin.de\/~eigler\/wp-json\/wp\/v2\/comments?post=707"}],"version-history":[{"count":73,"href":"https:\/\/userpage.fu-berlin.de\/~eigler\/wp-json\/wp\/v2\/pages\/707\/revisions"}],"predecessor-version":[{"id":2607,"href":"https:\/\/userpage.fu-berlin.de\/~eigler\/wp-json\/wp\/v2\/pages\/707\/revisions\/2607"}],"up":[{"embeddable":true,"href":"https:\/\/userpage.fu-berlin.de\/~eigler\/wp-json\/wp\/v2\/pages\/1201"}],"wp:attachment":[{"href":"https:\/\/userpage.fu-berlin.de\/~eigler\/wp-json\/wp\/v2\/media?parent=707"}],"curies":[{"name":"wp","href":"https:\/\/api.w.org\/{rel}","templated":true}]}}