{"id":3360,"date":"2023-12-06T14:23:24","date_gmt":"2023-12-06T13:23:24","guid":{"rendered":"http:\/\/userpage.fu-berlin.de\/~eigler\/?page_id=3360"},"modified":"2024-08-02T15:09:25","modified_gmt":"2024-08-02T13:09:25","slug":"dr-xin-chen","status":"publish","type":"page","link":"https:\/\/userpage.fu-berlin.de\/~eigler\/home\/dr-xin-chen\/","title":{"rendered":"Dr. Xin Chen (Junior Research Group)"},"content":{"rendered":"\n<div class=\"wp-block-media-text alignwide is-stacked-on-mobile\" style=\"grid-template-columns:27% auto\"><figure class=\"wp-block-media-text__media\"><img loading=\"lazy\" decoding=\"async\" width=\"153\" height=\"176\" src=\"https:\/\/userpage.fu-berlin.de\/~eigler\/wp-content\/uploads\/2023\/12\/XinChen.jpeg\" alt=\"\" class=\"wp-image-3363 size-full\"\/><\/figure><div class=\"wp-block-media-text__content\">\n<div class=\"wp-block-group alignwide is-layout-constrained wp-block-group-is-layout-constrained\"><div class=\"wp-block-group__inner-container\">\n<p>Freie Universit\u00e4t Berlin (FU-Berlin)<br>Institut f\u00fcr Chemie und Biochemie (SupraFAB)<br>Altensteinstra\u00dfe 23A<br>D-14195 Berlin,&nbsp;Germany<br>Office: 202.2<\/p>\n\n\n\n<div class=\"wp-block-group alignwide is-layout-constrained wp-block-group-is-layout-constrained\"><div class=\"wp-block-group__inner-container\">\n<p>Mail: <a href=\"mailto:xin.chen@fu-berlin.de\">xin.chen@fu-berlin.de<\/a><br>Phone: +49 (0) 30 838 55781<\/p>\n\n\n\n<div class=\"wp-block-group alignwide is-layout-constrained wp-block-group-is-layout-constrained\"><div class=\"wp-block-group__inner-container\">\n<div class=\"wp-block-buttons is-layout-flex wp-block-buttons-is-layout-flex\">\n<div class=\"wp-block-button is-style-outline\"><a class=\"wp-block-button__link wp-element-button\" href=\"https:\/\/www.bcp.fu-berlin.de\/en\/chemie\/chemie\/forschung\/OrgChem\/chen\/index.html\">Homepage<\/a><\/div>\n<\/div>\n<\/div><\/div>\n<\/div><\/div>\n<\/div><\/div>\n<\/div><\/div>\n\n\n\n<div class=\"wp-block-cover alignfull is-light\"><span aria-hidden=\"true\" class=\"wp-block-cover__background has-subtle-background-background-color has-background-dim-100 has-background-dim\"><\/span><div class=\"wp-block-cover__inner-container is-layout-constrained wp-block-cover-is-layout-constrained\">\n<h2 class=\"wp-block-heading alignfull\">Scientific<\/h2>\n\n\n\n<figure class=\"wp-block-pullquote\"><blockquote><p>PhD thesis<\/p><\/blockquote><\/figure>\n\n\n\n<h4 class=\"wp-block-heading alignwide\">Research Topics<\/h4>\n\n\n\n<div class=\"wp-block-columns alignwide is-layout-flex wp-container-core-columns-layout-1 wp-block-columns-is-layout-flex\">\n<div class=\"wp-block-column is-layout-flow wp-block-column-is-layout-flow\">\n<div class=\"wp-block-group has-background is-layout-flow wp-block-group-is-layout-flow\" style=\"background-color:#ffffff\"><div class=\"wp-block-group__inner-container\">\n<h4 class=\"wp-block-heading has-text-align-center\">2D Material Chemistry<\/h4>\n<\/div><\/div>\n<\/div>\n\n\n\n<div class=\"wp-block-column is-layout-flow wp-block-column-is-layout-flow\">\n<div class=\"wp-block-group has-background is-layout-flow wp-block-group-is-layout-flow\" style=\"background-color:#ffffff\"><div class=\"wp-block-group__inner-container\">\n<h4 class=\"wp-block-heading has-text-align-center\">Heterostructures<\/h4>\n<\/div><\/div>\n<\/div>\n\n\n\n<div class=\"wp-block-column is-layout-flow wp-block-column-is-layout-flow\">\n<div class=\"wp-block-group has-background is-layout-flow wp-block-group-is-layout-flow\" style=\"background-color:#ffffff\"><div class=\"wp-block-group__inner-container\">\n<h4 class=\"wp-block-heading has-text-align-center\">Confined Chemistry<\/h4>\n<\/div><\/div>\n<\/div>\n<\/div>\n<\/div><\/div>\n\n\n\n<h2 class=\"wp-block-heading alignwide\">Curriculum Vitae<\/h2>\n\n\n\n<div class=\"wp-block-group is-nowrap is-layout-flex wp-container-core-group-layout-7 wp-block-group-is-layout-flex\">\n<p class=\"wp-container-content-1\">since 09\/2023<\/p>\n\n\n\n<p class=\"wp-container-content-2\">Junior Research Group Leader, FU Berlin, Germany<\/p>\n<\/div>\n\n\n\n<div class=\"wp-block-group is-nowrap is-layout-flex wp-container-core-group-layout-8 wp-block-group-is-layout-flex\">\n<p class=\"wp-container-content-3\">06\/2018-08\/2023<\/p>\n\n\n\n<p class=\"wp-container-content-4\">Postdoc, FAU Erlangen, Germany<\/p>\n<\/div>\n\n\n\n<div class=\"wp-block-group is-nowrap is-layout-flex wp-container-core-group-layout-9 wp-block-group-is-layout-flex\">\n<p class=\"wp-container-content-5\">11\/2012-12\/2017<\/p>\n\n\n\n<p class=\"wp-container-content-6\">PhD, Trinity College Dublin, Ireland<\/p>\n<\/div>\n\n\n\n<h2 class=\"wp-block-heading alignwide\"><strong>Publications<\/strong><\/h2>\n\n\n\n<p>See all publications on <a href=\"https:\/\/scholar.google.com\/citations?user=p4xErKMAAAAJ&amp;hl=en\">Google Scholar<\/a>.<\/p>\n","protected":false},"excerpt":{"rendered":"<p>Curriculum Vitae since 09\/2023 Junior Research Group Leader, FU Berlin, Germany 06\/2018-08\/2023 Postdoc, FAU Erlangen, Germany 11\/2012-12\/2017 PhD, Trinity College Dublin, Ireland Publications See all publications on Google Scholar.<\/p>\n","protected":false},"author":13,"featured_media":0,"parent":125,"menu_order":3,"comment_status":"closed","ping_status":"closed","template":"","meta":{"footnotes":""},"_links":{"self":[{"href":"https:\/\/userpage.fu-berlin.de\/~eigler\/wp-json\/wp\/v2\/pages\/3360"}],"collection":[{"href":"https:\/\/userpage.fu-berlin.de\/~eigler\/wp-json\/wp\/v2\/pages"}],"about":[{"href":"https:\/\/userpage.fu-berlin.de\/~eigler\/wp-json\/wp\/v2\/types\/page"}],"author":[{"embeddable":true,"href":"https:\/\/userpage.fu-berlin.de\/~eigler\/wp-json\/wp\/v2\/users\/13"}],"replies":[{"embeddable":true,"href":"https:\/\/userpage.fu-berlin.de\/~eigler\/wp-json\/wp\/v2\/comments?post=3360"}],"version-history":[{"count":30,"href":"https:\/\/userpage.fu-berlin.de\/~eigler\/wp-json\/wp\/v2\/pages\/3360\/revisions"}],"predecessor-version":[{"id":3842,"href":"https:\/\/userpage.fu-berlin.de\/~eigler\/wp-json\/wp\/v2\/pages\/3360\/revisions\/3842"}],"up":[{"embeddable":true,"href":"https:\/\/userpage.fu-berlin.de\/~eigler\/wp-json\/wp\/v2\/pages\/125"}],"wp:attachment":[{"href":"https:\/\/userpage.fu-berlin.de\/~eigler\/wp-json\/wp\/v2\/media?parent=3360"}],"curies":[{"name":"wp","href":"https:\/\/api.w.org\/{rel}","templated":true}]}}