{"id":2887,"date":"2021-07-07T16:10:04","date_gmt":"2021-07-07T14:10:04","guid":{"rendered":"http:\/\/userpage.fu-berlin.de\/~eigler\/?page_id=2887"},"modified":"2025-07-02T21:27:49","modified_gmt":"2025-07-02T19:27:49","slug":"m-sc-jan-soyka-2","status":"publish","type":"page","link":"https:\/\/userpage.fu-berlin.de\/~eigler\/home\/home\/m-sc-jan-soyka-2\/","title":{"rendered":"Jan Soyka (M.Sc.)"},"content":{"rendered":"\n<p><a href=\"https:\/\/userpage.fu-berlin.de\/~eigler\/home\/home\/alexander-krappe\/\" target=\"_blank\" rel=\"noreferrer noopener\"><\/a><\/p>\n\n\n\n<div class=\"wp-block-media-text alignwide is-stacked-on-mobile\" style=\"grid-template-columns:27% auto\"><figure class=\"wp-block-media-text__media\"><img loading=\"lazy\" decoding=\"async\" width=\"1921\" height=\"2722\" src=\"https:\/\/userpage.fu-berlin.de\/~eigler\/wp-content\/uploads\/2021\/07\/Jan_Soyka.jpeg\" alt=\"\" class=\"wp-image-2884 size-full\"\/><\/figure><div class=\"wp-block-media-text__content\">\n<div class=\"wp-block-group alignfull is-layout-constrained wp-block-group-is-layout-constrained\"><div class=\"wp-block-group__inner-container\">\n<p>Freie Universit\u00e4t Berlin (FU-Berlin)<br>Institut f\u00fcr Chemie und Biochemie (SupraFAB)<br>Altensteinstra\u00dfe 23A<br>D-14195 Berlin,&nbsp;Germany<br>Office: 208<\/p>\n\n\n\n<p>Mail: <a href=\"mailto:jan.soyka@fu-berlin.de\">jan.soyka@fu-berlin.de<\/a><br>Phone: +49 (0) 30 838 60248<\/p>\n<\/div><\/div>\n<\/div><\/div>\n\n\n\n<div class=\"wp-block-cover alignfull is-light\"><span aria-hidden=\"true\" class=\"wp-block-cover__background has-subtle-background-background-color has-background-dim-100 has-background-dim\"><\/span><div class=\"wp-block-cover__inner-container is-layout-constrained wp-block-cover-is-layout-constrained\">\n<h2 class=\"wp-block-heading alignfull\">Scientific<\/h2>\n\n\n\n<figure class=\"wp-block-pullquote\"><blockquote><p><em><em><em>Conjugated Push-pull Systems<\/em><\/em><\/em><\/p><cite>Master Thesis<\/cite><\/blockquote><\/figure>\n\n\n\n<figure class=\"wp-block-pullquote\"><blockquote><p><em><em><em>Ipso-Substitution an einem HBC-Derivat<\/em><\/em><\/em><\/p><cite>Bachelor Thesis<\/cite><\/blockquote><\/figure>\n\n\n\n<h4 class=\"wp-block-heading alignfull\">Research Topics<\/h4>\n\n\n\n<div class=\"wp-block-columns alignwide is-layout-flex wp-container-core-columns-layout-1 wp-block-columns-is-layout-flex\">\n<div class=\"wp-block-column is-layout-flow wp-block-column-is-layout-flow\">\n<div class=\"wp-block-group has-background is-layout-flow wp-block-group-is-layout-flow\" style=\"background-color:#ffffff\"><div class=\"wp-block-group__inner-container\">\n<h4 class=\"wp-block-heading has-text-align-center\">Molecules with High Dipole Moment<\/h4>\n<\/div><\/div>\n<\/div>\n\n\n\n<div class=\"wp-block-column is-layout-flow wp-block-column-is-layout-flow\">\n<div class=\"wp-block-group has-background is-layout-flow wp-block-group-is-layout-flow\" style=\"background-color:#ffffff\"><div class=\"wp-block-group__inner-container\">\n<h4 class=\"wp-block-heading has-text-align-center\">Tailored Photophysical Properties of Molecules<\/h4>\n<\/div><\/div>\n<\/div>\n\n\n\n<div class=\"wp-block-column is-layout-flow wp-block-column-is-layout-flow\">\n<div class=\"wp-block-group has-background is-layout-flow wp-block-group-is-layout-flow\" style=\"background-color:#ffffff\"><div class=\"wp-block-group__inner-container\">\n<h4 class=\"wp-block-heading has-text-align-center\">Push-Pull Radialenes<\/h4>\n<\/div><\/div>\n<\/div>\n<\/div>\n<\/div><\/div>\n\n\n\n<h2 class=\"wp-block-heading alignwide\">Curriculum Vitae<\/h2>\n\n\n\n<div class=\"wp-block-group is-nowrap is-layout-flex wp-container-core-group-layout-5 wp-block-group-is-layout-flex\">\n<p class=\"wp-container-content-1\">since 07\/2021<\/p>\n\n\n\n<p class=\"wp-container-content-2\">Doctoral Candidate, FU Berlin, Germany<\/p>\n<\/div>\n\n\n\n<div class=\"wp-block-group is-nowrap is-layout-flex wp-container-core-group-layout-6 wp-block-group-is-layout-flex\">\n<p class=\"wp-container-content-3\">2018-2021<\/p>\n\n\n\n<p class=\"wp-container-content-4\">Master Studies of Chemistry at FU Berlin, Germany<\/p>\n<\/div>\n\n\n\n<div class=\"wp-block-group is-nowrap is-layout-flex wp-container-core-group-layout-7 wp-block-group-is-layout-flex\">\n<p class=\"wp-container-content-5\">2014-2018<\/p>\n\n\n\n<p class=\"wp-container-content-6\">Bachelor Studies of Chemistry at FU Berlin, Germany<\/p>\n<\/div>\n\n\n\n<h2 class=\"wp-block-heading alignwide\"><strong>Publications<\/strong><\/h2>\n\n\n\n<ol reversed>\n<li><strong>J. P. Soyka<\/strong>, J. F. Witte, A. Wiesner, A. R. Krappe, D. Wehner, N. Alnicola, B. Paulus, U. Resch-Genger, S. Eigler*<br><em>[3]Radialene fluorophores with pH-switchable emission and stable absorption maxima<\/em>.<br><a href=\"https:\/\/chemistry-europe.onlinelibrary.wiley.com\/doi\/10.1002\/ejoc.202500669\"><em>Eur. J. Org. Chem. <\/em><strong>2025<\/strong>, <em>accepted.<\/em><\/a><\/li>\n\n\n\n<li>M. Yanbaeva, <strong>J. Soyka<\/strong>, J. M. Holthoff, P. Rietsch, E. Engelage, A. Ruff, U. Resch-Genger, R. Weiss*, S. Eigler*, S. M. Huber*<br><em>Dimethylene-Cyclopropanide Units as Building Blocks for Fluorescence Dyes.<\/em><br><a href=\"https:\/\/doi.org\/10.1002\/chem.202402476\"><em>Chem. Eur. J.<\/em>\u00a0<strong>2024<\/strong>,\u00a0<em>30<\/em>, e202402476.<\/a><\/li>\n\n\n\n<li>P. Rietsch,&nbsp;<strong>J. Soyka<\/strong>,&nbsp;S. Br\u00fclls,&nbsp;J. Er,&nbsp;K. Hoffmann,J. Beerhues,&nbsp;B. Sarkar,&nbsp;U. Resch-Genger and&nbsp;S. Eigler <br><em>Fluorescence of a Chiral Pentaphene Derivative Derived from the Hexabenzocoronene Motif. <\/em> <br><a href=\"https:\/\/doi.org\/10.1039\/C9CC05451K\"><em>Chem. Commun.&nbsp;<\/em><strong>2019<\/strong>,&nbsp;<em>55<\/em>, 10515-10518<em>.<\/em><\/a><\/li>\n<\/ol>\n","protected":false},"excerpt":{"rendered":"<p>Curriculum Vitae since 07\/2021 Doctoral Candidate, FU Berlin, Germany 2018-2021 Master Studies of Chemistry at FU Berlin, Germany 2014-2018 Bachelor Studies of Chemistry at FU Berlin, Germany Publications<\/p>\n","protected":false},"author":13,"featured_media":0,"parent":1204,"menu_order":7,"comment_status":"closed","ping_status":"closed","template":"","meta":{"footnotes":""},"_links":{"self":[{"href":"https:\/\/userpage.fu-berlin.de\/~eigler\/wp-json\/wp\/v2\/pages\/2887"}],"collection":[{"href":"https:\/\/userpage.fu-berlin.de\/~eigler\/wp-json\/wp\/v2\/pages"}],"about":[{"href":"https:\/\/userpage.fu-berlin.de\/~eigler\/wp-json\/wp\/v2\/types\/page"}],"author":[{"embeddable":true,"href":"https:\/\/userpage.fu-berlin.de\/~eigler\/wp-json\/wp\/v2\/users\/13"}],"replies":[{"embeddable":true,"href":"https:\/\/userpage.fu-berlin.de\/~eigler\/wp-json\/wp\/v2\/comments?post=2887"}],"version-history":[{"count":11,"href":"https:\/\/userpage.fu-berlin.de\/~eigler\/wp-json\/wp\/v2\/pages\/2887\/revisions"}],"predecessor-version":[{"id":4058,"href":"https:\/\/userpage.fu-berlin.de\/~eigler\/wp-json\/wp\/v2\/pages\/2887\/revisions\/4058"}],"up":[{"embeddable":true,"href":"https:\/\/userpage.fu-berlin.de\/~eigler\/wp-json\/wp\/v2\/pages\/1204"}],"wp:attachment":[{"href":"https:\/\/userpage.fu-berlin.de\/~eigler\/wp-json\/wp\/v2\/media?parent=2887"}],"curies":[{"name":"wp","href":"https:\/\/api.w.org\/{rel}","templated":true}]}}