{"id":262,"date":"2017-01-04T15:54:59","date_gmt":"2017-01-04T14:54:59","guid":{"rendered":"http:\/\/userpage.fu-berlin.de\/~eigler\/?page_id=262"},"modified":"2026-04-01T15:56:23","modified_gmt":"2026-04-01T13:56:23","slug":"lag-christian-e-halbig","status":"publish","type":"page","link":"https:\/\/userpage.fu-berlin.de\/~eigler\/home\/lag-christian-e-halbig\/","title":{"rendered":"Dr. Christian E. Halbig"},"content":{"rendered":"\n<p><a href=\"https:\/\/userpage.fu-berlin.de\/~eigler\/home\/home\/alexander-krappe\/\" target=\"_blank\" rel=\"noreferrer noopener\"><\/a><\/p>\n\n\n\n<div class=\"wp-block-media-text alignwide is-stacked-on-mobile\" style=\"grid-template-columns:27% auto\"><figure class=\"wp-block-media-text__media\"><img loading=\"lazy\" decoding=\"async\" width=\"682\" height=\"1024\" src=\"https:\/\/userpage.fu-berlin.de\/~eigler\/wp-content\/uploads\/2018\/06\/9589eeeb-682x1024.jpg\" alt=\"\" class=\"wp-image-1152 size-full\" srcset=\"https:\/\/userpage.fu-berlin.de\/~eigler\/wp-content\/uploads\/2018\/06\/9589eeeb-682x1024.jpg 682w, https:\/\/userpage.fu-berlin.de\/~eigler\/wp-content\/uploads\/2018\/06\/9589eeeb-200x300.jpg 200w, https:\/\/userpage.fu-berlin.de\/~eigler\/wp-content\/uploads\/2018\/06\/9589eeeb-768x1153.jpg 768w\" sizes=\"(max-width: 682px) 100vw, 682px\" \/><\/figure><div class=\"wp-block-media-text__content\">\n<div class=\"wp-block-group alignfull is-layout-constrained wp-block-group-is-layout-constrained\"><div class=\"wp-block-group__inner-container\">\n<p>Freie Universit\u00e4t Berlin (FU-Berlin)<br>Institut f\u00fcr Chemie und Biochemie (SupraFAB)<br>Altensteinstra\u00dfe 23A<br>D-14195 Berlin,&nbsp;Germany<br>Office: 205<\/p>\n\n\n\n<p>Mail: <a href=\"mailto:christian.halbig@fu-berlin.de\">christian.halbig@fu-berlin.de<\/a><br>Phone: +49 (0) 30 838 63201<\/p>\n\n\n\n<div class=\"wp-block-buttons is-layout-flex wp-block-buttons-is-layout-flex\">\n<div class=\"wp-block-button\"><a class=\"wp-block-button__link wp-element-button\" href=\"https:\/\/scholar.google.de\/citations?user=VPiZg70AAAAJ&amp;hl=de\">Google Scholar<\/a><\/div>\n<\/div>\n<\/div><\/div>\n<\/div><\/div>\n\n\n\n<div class=\"wp-block-cover alignfull is-light\"><span aria-hidden=\"true\" class=\"wp-block-cover__background has-subtle-background-background-color has-background-dim-100 has-background-dim\"><\/span><div class=\"wp-block-cover__inner-container is-layout-constrained wp-block-cover-is-layout-constrained\">\n<h2 class=\"wp-block-heading alignfull\">Scientific<\/h2>\n\n\n\n<figure class=\"wp-block-pullquote\"><blockquote><p><em><em><em>From 2D Materials to 3D Structures<\/em><\/em><\/em><\/p><cite>Current Research Focus<\/cite><\/blockquote><\/figure>\n\n\n\n<figure class=\"wp-block-pullquote\"><blockquote><p><em><em><em>Fundamental Aspects on the Formation, Structure and Functionalisation of oxo-functionalized Graphene and thereout derived Graphene<\/em><\/em><\/em><\/p><cite>Ph.D. Thesis<\/cite><\/blockquote><\/figure>\n\n\n\n<figure class=\"wp-block-pullquote\"><blockquote><p><em><em><em>Synthese und Charakterisierung von Uran-IV-Komplexen mit Chalcogenid-Liganden<\/em><\/em><\/em><\/p><cite>Bachelor Thesis<\/cite><\/blockquote><\/figure>\n\n\n\n<div class=\"wp-block-columns alignwide is-layout-flex wp-container-core-columns-layout-1 wp-block-columns-is-layout-flex\">\n<div class=\"wp-block-column is-layout-flow wp-block-column-is-layout-flow\"><\/div>\n<\/div>\n\n\n\n<h4 class=\"wp-block-heading alignfull\">Research Topics<\/h4>\n\n\n\n<div class=\"wp-block-group alignwide has-background is-layout-flow wp-block-group-is-layout-flow\" style=\"background-color:#ffffff\"><div class=\"wp-block-group__inner-container\">\n<h4 class=\"wp-block-heading has-text-align-center has-accent-color has-text-color has-link-color wp-elements-83c5b2575842bf1a7f617a817366740f\">2D Materials &#8211; Graphene and Graphene Oxide<\/h4>\n\n\n\n<h4 class=\"wp-block-heading has-text-align-center has-accent-color has-text-color has-link-color wp-elements-0d1a96aa1a7e19eead931311083cbcf9\">Functionalisation<\/h4>\n\n\n\n<h4 class=\"wp-block-heading has-text-align-center has-accent-color has-text-color has-link-color wp-elements-816c8c8cafadb5f2771e170864d06cf8\">Post-Processing and Application<\/h4>\n<\/div><\/div>\n\n\n\n<h4 class=\"wp-block-heading alignfull\">Awards<\/h4>\n\n\n\n<div class=\"wp-block-group alignwide has-background is-layout-flow wp-block-group-is-layout-flow\" style=\"background-color:#ffffff\"><div class=\"wp-block-group__inner-container\">\n<h4 class=\"wp-block-heading has-text-align-center has-accent-color has-text-color has-link-color wp-elements-c056518a48052a4f65801338e356f40d\">Forum Junge Spitzenforschung 2025  <\/h4>\n\n\n\n<p class=\"has-text-align-center\">Finalist and 4th place with &#8220;CompactWater&#8221;<\/p>\n\n\n\n<h4 class=\"wp-block-heading has-text-align-center has-accent-color has-text-color has-link-color wp-elements-a183c93fe8988b8568ad7b043c4ed1d2\">Science &amp; Startups Berlin 2025<\/h4>\n\n\n\n<p class=\"has-text-align-center\">Winner in the idea competition &#8220;100-to-100&#8221; <\/p>\n\n\n\n<h4 class=\"wp-block-heading has-text-align-center has-accent-color has-text-color has-link-color wp-elements-be1d4875d39fb699a5d51877a214bf9a\">Tiburtius-Award 2019<\/h4>\n\n\n\n<p class=\"has-text-align-center\">3<sup>rd<\/sup> price for outstanding dissertation in Berlin<\/p>\n<\/div><\/div>\n\n\n\n<h4 class=\"wp-block-heading alignfull\">Students<\/h4>\n\n\n\n<div class=\"wp-block-group alignwide has-background is-layout-flow wp-block-group-is-layout-flow\" style=\"background-color:#ffffff\"><div class=\"wp-block-group__inner-container\">\n<h4 class=\"wp-block-heading has-text-align-center has-accent-color has-text-color has-link-color wp-elements-0f73c2fc3429e1d21ba90d2252cf0dc3\">Internship Students<\/h4>\n\n\n\n<p>Ruber Bing\u00fcl (2026)<\/p>\n\n\n\n<p>Faira Akmal (2025)<\/p>\n\n\n\n<p>Jhih-Syuan Wang (2025)<\/p>\n\n\n\n<p>Julia Bahnemann (2022)<\/p>\n\n\n\n<h4 class=\"wp-block-heading has-text-align-center has-accent-color has-text-color has-link-color wp-elements-c0249d7da6d87d02f9013aff1842a807\">MSc. Thesis<\/h4>\n\n\n\n<p>Shenquan Wei (2024)<\/p>\n\n\n\n<h4 class=\"wp-block-heading has-text-align-center has-accent-color has-text-color has-link-color wp-elements-02971fea22fd82f4feb70687cb73add6\">BSc. Thesis<\/h4>\n\n\n\n<p>Alexandra Topaj (2025)<\/p>\n\n\n\n<p>Mariam Sbaiti (2023)<\/p>\n\n\n\n<p>Jordis Take (2022)<\/p>\n\n\n\n<p>Senada Hamcik (2017)<\/p>\n\n\n\n<p>Karin Marz (2016)<\/p>\n<\/div><\/div>\n<\/div><\/div>\n\n\n\n<h2 class=\"wp-block-heading alignwide\">Curriculum Vitae<\/h2>\n\n\n\n<div class=\"wp-block-group is-nowrap is-layout-flex wp-container-core-group-layout-5 wp-block-group-is-layout-flex\">\n<p class=\"wp-container-content-1\">since 11\/2021<\/p>\n\n\n\n<p class=\"wp-container-content-2\">PostDoc with focus on applied nanomaterials at FU Berlin, Germany<\/p>\n<\/div>\n\n\n\n<div class=\"wp-block-group is-nowrap is-layout-flex wp-container-core-group-layout-6 wp-block-group-is-layout-flex\">\n<p class=\"wp-container-content-3\">04\/2019 &#8211; 11\/2021<\/p>\n\n\n\n<p class=\"wp-container-content-4\">PostDoc at National University of Singapore&nbsp;(in the Lab of Prof. Dr. Slaven Garaj)<\/p>\n<\/div>\n\n\n\n<div class=\"wp-block-group is-nowrap is-layout-flex wp-container-core-group-layout-7 wp-block-group-is-layout-flex\">\n<p class=\"wp-container-content-5\">02\/2017 &#8211; 12\/2018<\/p>\n\n\n\n<p class=\"wp-container-content-6\">PhD-student in organic chemistry at FU Berlin, Germany<\/p>\n<\/div>\n\n\n\n<div class=\"wp-block-group is-nowrap is-layout-flex wp-container-core-group-layout-8 wp-block-group-is-layout-flex\">\n<p class=\"wp-container-content-7\">09\/2014 &#8211; 02\/2017<\/p>\n\n\n\n<p class=\"wp-container-content-8\">PhD-student in organic chemistry at Joint Institute of&nbsp;Advanced Materials and Processes (ZMP) at FAU Erlangen-N\u00fcrnberg<\/p>\n<\/div>\n\n\n\n<div class=\"wp-block-group is-nowrap is-layout-flex wp-container-core-group-layout-9 wp-block-group-is-layout-flex\">\n<p class=\"wp-container-content-9\">04\/2013 &#8211; 08\/2014<\/p>\n\n\n\n<p class=\"wp-container-content-10\">Study of third subject at FAU Erlangen-N\u00fcrnberg &#8220;Erweiterungsfach: Geographie&#8221;<\/p>\n<\/div>\n\n\n\n<div class=\"wp-block-group is-nowrap is-layout-flex wp-container-core-group-layout-10 wp-block-group-is-layout-flex\">\n<p class=\"wp-container-content-11\">10\/2008 &#8211; 03\/2013<\/p>\n\n\n\n<p class=\"wp-container-content-12\">Begin of studies at FAU Erlangen-N\u00fcrnberg &#8220;Lehramt Gymnasium Biologie und Chemie&#8221;<\/p>\n<\/div>\n\n\n\n<h2 class=\"wp-block-heading alignwide\">Publications<\/h2>\n\n\n\n<ol reversed>\n<li>A. Dimiev*, <strong>C. E. Halbig*, <\/strong>A. Talyzin*<br>A critical review to avoid common misinterpretations in characterizing graphene oxide<br><em><a href=\"https:\/\/pubs.acs.org\/doi\/10.1021\/acs.chemrev.5c00756\">Chem. Rev. <strong>2026<\/strong>, 126, 5, 3055-3088<\/a><\/em><\/li>\n\n\n\n<li><strong><span style=\"text-decoration: underline;\">C. E. Halbig<\/span>*, <\/strong>R. Zambare, B. Mukherjee, S. Garaj*<br>The multidiverse graphene oxide: How the fine structure affects structural analysis and performance in reverse osmosis membranes<br><em><a href=\"https:\/\/doi.org\/10.1016\/j.cartre.2025.100565\">Carbon Trends, <strong>2025<\/strong>, 21, 100565.<\/a><\/em><\/li>\n\n\n\n<li><span style=\"text-decoration: underline;\">X. Chen<\/span>*, S. Wolff, S. Zuieva, R. Schusterbauer, R. Shaikh, <strong>C. E. Halbig<\/strong>, A. Habel, R. Gillen, K. C. Knirsch, I. Donskyi, S. Eigler, J. Maultzsch, A. Hirsch<br>Patterned Assembly of Transition Metal Dichalcogenide\/Graphene Heterostructures via Direct Laser Writing<br><em><a href=\"https:\/\/doi.org\/10.1002\/adfm.202425776\">Adv. Funct. Mater. <strong>2025<\/strong>, 35, 43, 2425776.<\/a><\/em><\/li>\n\n\n\n<li><span style=\"text-decoration: underline;\">L. Merkel<\/span>, C. Neumann, <strong>C. E. Halbig<\/strong>, A. Habel, X. Chen, A. Turchanin, S. Eigler*<br><em>Orthogonal Functionalization of Oxo-Graphene Nanoribbons<\/em>.<br><a href=\"https:\/\/doi.org\/10.1002\/anie.202504482\">Chem. Eur. J. 2024, 21, 5, e20250482e<\/a>.<\/li>\n\n\n\n<li><strong>C. E. Halbig,*<\/strong> &nbsp;F. Fels, S. Wei, R. Schusterbauer, I. Donskyi, M. R. Heinrich*, S. Eigler <br><em>Controlled Growth of Oligophenylene-Structures on Graphene for Facile Secondary functionalization.<\/em><br><em><a href=\"https:\/\/doi.org\/10.1002\/anie.202504482\">Angew. Chem. Int. Ed.&nbsp;<strong>2024<\/strong>, 64, e202504482.<\/a><\/em><\/li>\n\n\n\n<li><span style=\"text-decoration: underline;\">L. Merkel<\/span>, A. Setaro, <strong>C. E. Halbig<\/strong>, S. Shimizu, T. Yoshii, H. Nishihara, T. Hilal, G. Algra-Siller, C. Koch, S. Eigler*<br><em>Structural Model of Oxidatively Unzipped Narrow Single-Walled Carbon Nanotubes<\/em><strong><em><br><\/em><\/strong><a href=\"https:\/\/doi.org\/10.1016\/j.carbon.2024.119454\"><em>Carbon <strong>2024<\/strong>, 229, 119454<\/em><\/a>.<\/li>\n\n\n\n<li><span style=\"text-decoration: underline;\">F. Grote<\/span>, B. I. Weintrub, M. Kre\u00dfler, Q. Cao, <strong>C. E. Halbig<\/strong>, P. Kusch, K. Bolotin, S. Eigler*<br><em>Evidence<\/em>&nbsp;for&nbsp;<em>Trans-Oligoene Chain Formation in Graphene Induced by Iodine<br><a href=\"https:\/\/doi.org\/10.1002\/smll.202311987\">Small <strong>2024<\/strong>, 20, 32, 2311987<\/a><\/em>.<\/li>\n\n\n\n<li><strong><span style=\"text-decoration: underline;\">C. E. Halbig*<\/span>, <\/strong>B. Mukherjee, S. Eigler, S. Garaj*<strong><br><\/strong><em>Origin of oxygen in graphene oxide revealed by 17O and 18O isotopic labelling.<\/em><strong><em><br><\/em><\/strong><a href=\"https:\/\/pubs.acs.org\/doi\/10.1021\/jacs.3c12543\" data-type=\"link\" data-id=\"https:\/\/pubs.acs.org\/doi\/10.1021\/jacs.3c12543\"><em>J. Am. Chem. Soc.&nbsp;<\/em><strong><em>2024<\/em><\/strong><em>, 146, 11, 7431\u20137438<\/em>.<\/a><\/li>\n\n\n\n<li><span style=\"text-decoration: underline;\">R. Malhotra<\/span>, <strong><span style=\"text-decoration: underline;\">C. E. Halbig<\/span><\/strong>, Y. F. Sim, C. T. Lim, D. T. Leong, A. H. Castro Neto*, S. Garaj*, V. Rosa*<br><em>Cytotoxicity survey of commercial graphene materials from worldwide.<br><a href=\"https:\/\/www.nature.com\/articles\/s41699-022-00330-8\">npj 2D Mater. Appl. <strong>2022<\/strong>, 6<\/a><\/em><a href=\"https:\/\/dx.doi.org\/10.1002\/aenm.201902653\">, 1 65<\/a>.<\/li>\n\n\n\n<li><span style=\"text-decoration: underline;\">M. Li<\/span>,  W.-W. Zuo, Q. Wang, K.-L. Wang, M.-P. Zhuo, H. K\u00f6bler, <strong>C. E. Halbig<\/strong>, S. Eigler*, Y.-G. Yang, X.-Y. Gao, Z.-K. Wang*, Y. Li, A. Abate*<br><em>Ultrathin Nanosheets of Oxo-functionalized Graphene Inhibit the Ion Migration in Perovskite Solar Cells.<br><a href=\"https:\/\/dx.doi.org\/10.1002\/aenm.201902653\">Adv. Energy Mater. <strong>2019<\/strong>, 1902653.<\/a><\/em><\/li>\n\n\n\n<li><span style=\"text-decoration: underline;\">P. Feicht<\/span>*, J. Biskupek, T. E. Gorelik, J. Renner, <strong>C. E. Halbig<\/strong>, M. Mranska, F. Puchtler, U. Kaiser, S. Eigler*<br><em>Brodie or Hummers &#8211; Oxidation conditions determine the structure of graphene oxide.<br><a href=\"https:\/\/doi.org\/10.1002\/chem.201901499\">Chem. Eur. J., <strong>2019<\/strong>, 25, 38, 8955-8959.<\/a><\/em> <\/li>\n\n\n\n<li><strong><span style=\"text-decoration: underline;\">C. E. Halbig<\/span><\/strong>,&nbsp;R. Lasch, J. Kr\u00fcll, A. Pirzer,&nbsp;Z. P. Wang, J. N. Kirchhof, K. I. Bolotin, M. R. Heinrich*, S.&nbsp;Eigler*<br>Selective functionalization of graphene at defect activated sites by arylazocarboxylic <em>tert-<\/em>butylesters<em>.<br><\/em><a href=\"http:\/\/doi.org\/10.1002\/anie.201811192\"><em>Angew. Chem. <\/em><strong>2019<\/strong>, <em>58<\/em>, 3559-5603.<\/a><\/li>\n\n\n\n<li><span style=\"text-decoration: underline;\">K. W. Silverstein<\/span>, <strong>C. E. Halbig<\/strong>, J. S. Mehta, A Sharma, S. Eigler*, J. M. Mativetsky*<br><em>Voltage-Reduced Low-Defect Graphene Oxide: A High Conductivity, Near-Zero Temperature Coefficient of Resistance Material.<br><\/em><a href=\"http:\/\/doi.org\/10.1039\/C8NR08285E\"><em>Nanoscale <\/em><strong>2019<\/strong>, <em>11<\/em>, 3112-3116.<\/a><\/li>\n\n\n\n<li><span style=\"text-decoration: underline;\">L. Han<\/span>, Y. Sun, S. Li, C. Cheng, <strong>C. E. Halbig<\/strong>, P. Feicht, P. Strasser*, S. Eigler*<br><em>In-plane Carbon Lattice-defect Regulating Electrochemical Oxygen Reduction to Hydrogen Peroxide Production over Nitrogen-doped Graphene.<br><\/em><a href=\"http:\/\/doi.org\/10.1021\/acscatal.8b03734\"><em>ACS Catal.&nbsp;<\/em><strong><em>2019<\/em><\/strong><em>, 9,<\/em> 1283-1288.<\/a><\/li>\n\n\n\n<li><strong><span style=\"text-decoration: underline;\">C. E. Halbig<\/span><\/strong>, <span style=\"text-decoration: underline;\">O. Martin<\/span>, F. Hauke, S. Eigler*, A. Hirsch*<br><em>Oxo-Functionalized Graphene &#8211; A Versatile&nbsp;for Alkylated Graphene Sheets by Reductive Functionalization.<br><\/em><a href=\"https:\/\/doi.org\/10.1002\/chem.201802500\"><em>Chem. Eur. J.,&nbsp;<\/em><strong>2018<\/strong>, <em>24<\/em>, 13348-13354.<\/a><\/li>\n\n\n\n<li><span style=\"text-decoration: underline;\">S. Seiler<\/span>,&nbsp;<strong><span style=\"text-decoration: underline;\">C. E. Halbig<\/span><\/strong>, F. Grote, P. Rietsch, F. B\u00f6rrnert, U. Kaiser, B. Meyer,* and S. Eigler*<br><em>Effect of friction on oxidative graphite intercalation and high-quality graphene formation.<br><\/em><a href=\"http:\/\/dx.doi.org\/10.1038\/s41467-018-03211-1\"><em>Nat. Commun.,&nbsp;<\/em><strong>2018<\/strong>,<em>&nbsp;9<\/em>, 836.<\/a><\/li>\n\n\n\n<li><span style=\"text-decoration: underline;\">T. J. Nacken<\/span>,&nbsp;<span style=\"text-decoration: underline;\"><strong>C. E. Halbig<\/strong>,<\/span> <span style=\"text-decoration: underline;\">S. Wawra<\/span>, C. Damm, S. Romeis, J. Walter, M. J. Tehrani, Y. Ishii, S. Eigler*, W. Peukert*<br><em>Structural factors controlling size reduction of graphene oxide in liquid processing.<br><\/em><a href=\"http:\/\/dx.doi.org\/10.1016\/j.carbon.2017.09.066\">Carbon,&nbsp;<strong>2017<\/strong>, <em>125<\/em>, 360-369.<\/a><\/li>\n\n\n\n<li><span style=\"text-decoration: underline;\">P. Feicht<\/span>, R. Siegel, H. Thurm, J. W. Neubauer, M. Seuss, T. Szabo, A. V. Talyzin, <strong>C. E. Halbig<\/strong>, S. Eigler, D. A. Kunz, A. Fery, G. Papastavrou, J. Senker, J. Breu*<br><em>Systematic evaluation of different types of graphene oxide in respect to variations in their in-plane modulus.<br><\/em><a href=\"http:\/\/dx.doi.org\/10.1016\/j.carbon.2016.12.065\"><em>Carbon,<\/em>&nbsp;<strong>2017<\/strong>, <em>114<\/em>,&nbsp;700-705.<\/a><\/li>\n\n\n\n<li><span style=\"text-decoration: underline;\">B. Butz<\/span>*, C. Dolle, <strong>C. E. Halbig<\/strong>, E. Spiecker, S. Eigler*<br><em>Highly Intact and Pure Oxo-Functionalized Graphene: Synthesis and Electron-Beam-Induced Reduction.<br>Nahezu vollst\u00e4ndig intaktes und sauberes oxo-functionalisiertes Graphen &#8211; Synthese und elektronenstrahlinduzierte Reduktion.<br><\/em><a href=\"https:\/\/dx.doi.org\/10.1002\/ange.201608377\" target=\"_blank\" rel=\"noreferrer noopener\"><em>Angew. Chem.,<\/em> <strong>2016<\/strong>, <em>128<\/em> (51), 16003-16006.<\/a><br><a href=\"https:\/\/doi.org\/10.1002\/anie.201608377\" target=\"_blank\" rel=\"noreferrer noopener\"><em>Angew. Chem. Int. Ed.,<\/em> <strong>2016<\/strong>, <em>55<\/em> (51), 15771-15774.<\/a><\/li>\n\n\n\n<li><span style=\"text-decoration: underline;\">H. Pieper<\/span>, <strong><span style=\"text-decoration: underline;\">C. E. Halbig<\/span><\/strong>, L. Kovbasyuk, S. Eigler*, A. Mokhir*<br><em>Oxo-functionalized graphene as cell membrane carrier of nucleic acid probes controlled by aging.<br><\/em><a href=\"http:\/\/dx.doi.org\/10.1002\/chem.201603063\"><em>Chem. Eur. J.,<\/em> <strong>2016,<\/strong> <em>22<\/em> (43), 15389-15395.<\/a><\/li>\n\n\n\n<li><span style=\"text-decoration: underline;\">A. Naumov<\/span>*, F. Grote, M. Overgaard, A. Roth, <strong>C. E. Halbig<\/strong>, K. N\u00f8rgaard, D. M. Guldi, S. Eigler*<br><em>Graphene Oxide: A One- versus Two-Component Material.<br><\/em><a href=\"http:\/\/dx.doi.org\/10.1021\/jacs.6b05928\"><em>J. Am. Chem. Soc., <\/em><strong>2016<\/strong>, <em>138<\/em> (36), 11445\u201311448.<\/a><\/li>\n\n\n\n<li><span style=\"text-decoration: underline;\">S. M. Belade-Mousavi<\/span>, S. Sadaf, L. Walder*, M. Gallei, C. R\u00fcttiger, S. Eigler, <strong>C. E. Halbig<br><\/strong><em>Poly(vinylferrocene) &#8211; Reduced Graphene Oxide as a High Power \/ High Capacity Cathodic Battery Material.<br><\/em><a href=\"https:\/\/doi.org\/10.1002\/aenm.201600108\" target=\"_blank\" rel=\"noreferrer noopener\"><em>Adv. Energy Mater.,<\/em> <strong>2016<\/strong>, <em>6<\/em>, 1600108.<\/a><\/li>\n\n\n\n<li><strong><span style=\"text-decoration: underline;\">C. E. Halbig<\/span><\/strong>,<span style=\"text-decoration: underline;\"> T. J. Nacken<\/span>, J. Walter, C. Damm, S. Eigler*, W. Peukert<br><em>Quantitative investigation of the fragmentation process and defect density evolution of oxo-functionalized graphene due to ultrasonication and milling.<br><\/em><a href=\"https:\/\/dx.doi.org\/10.1016\/j.carbon.2015.10.021\" target=\"_blank\" rel=\"noreferrer noopener\"><em>Carbon,<\/em> <strong>2016<\/strong>, <em>96<\/em>, 897-903.<\/a><\/li>\n\n\n\n<li><span style=\"text-decoration: underline;\">S. Schindle<\/span>r, <span style=\"text-decoration: underline;\">F. Vollnhals<\/span>, <strong>C. E. Halbig<\/strong>, H. Marbach, H.-P. Steinr\u00fcck, C. Papp*, S. Eigler*<br><em>Focused Electron Beam based Direct-Write Fabrication of Graphene and Amorphous Carbon from Oxo-Functionalized Graphene on Silicon Dioxide.<br><\/em><a href=\"https:\/\/doi.org\/10.1039\/C6CP08070G\"><em>Phys. Chem. Chem. Phys., <\/em><strong>2017<\/strong>, <em>19<\/em>, 2683-2686.<\/a><\/li>\n\n\n\n<li><span style=\"text-decoration: underline;\">H. Chen<\/span>, <span style=\"text-decoration: underline;\">Y. Hou<\/span>, <strong>C. E. Halbig<\/strong>, S. Chen, H. Zhang, N. Li, F. Guo, X. Tang*, N. Gasparini, I. Levchuk, S. Kahmann, C. O. R. Quiroz, A. Osvet, S. Eigler, C. J. Brabec*<br><em>Extending the environmental lifetime of unpackaged perovskite solar cells through interfacial design.<br><\/em><a href=\"https:\/\/doi.org\/10.1039\/C6TA03755K\" target=\"_blank\" rel=\"noreferrer noopener\"><em>J. Mater. Chem. A,<\/em> <strong>2016<\/strong>, <em>4<\/em><strong>,<\/strong> 11604-11610.<\/a><\/li>\n\n\n\n<li><span style=\"text-decoration: underline;\">R. Flynt*<\/span>, W. Knolle, A. Kahnt, <strong>C. E. Halbig<\/strong>, S. Eigler, A. Lotnyk, T. H\u00e4uptl, A. Prager, B. Abel*<br><em>High quality reduced graphene oxide flakes by fast kinetically controlled and clean indirect UV-induced radical reduction.<br><\/em><a href=\"https:\/\/doi.org\/10.1039\/C6NR00156D\" target=\"_blank\" rel=\"noreferrer noopener\"><em>Nanoscale,<\/em> <strong>2016<\/strong>,<em> 8<\/em>, 7572-7579.<\/a><\/li>\n\n\n\n<li><span style=\"text-decoration: underline;\">H. Pieper<\/span>, S. Chercheja, S. Eigler, <strong>C. E. Halbig<\/strong>, M. R. Filipovic, A. Mokhir*<br><em>Endoperoxides revealed as origin of toxicity of graphene oxide<br>Toxizit\u00e4t von Graphenoxid: Endoperoxide als Ursache.<br><\/em><a href=\"https:\/\/dx.doi.org\/10.1002\/ange.201507070\" target=\"_blank\" rel=\"noreferrer noopener\"><em>Angew. Chem<\/em>.,&nbsp;<strong>2016<\/strong>, <em>128<\/em>, 413-416.<\/a><br><a href=\"https:\/\/doi.org\/10.1002\/anie.201507070\" target=\"_blank\" rel=\"noreferrer noopener\"><em>Angew. Chem. Int. E.,<\/em> <strong>2016<\/strong>, <em>55<\/em>, 405-407.<\/a><\/li>\n\n\n\n<li><strong><span style=\"text-decoration: underline;\">C. E. Halbig<\/span><\/strong>, P. Rietsch, S. Eigler*<br><em>Towards the Synthesis of Graphene Azide from Graphene Oxide.<br><\/em><a href=\"https:\/\/dx.doi.org\/10.3390\/molecules201219747\" target=\"_blank\" rel=\"noreferrer noopener\"><em>Molecules,<\/em> <strong>2015<\/strong>, <em>20<\/em>, 21050-21057.<\/a><\/li>\n<\/ol>\n","protected":false},"excerpt":{"rendered":"<p>Curriculum Vitae since 11\/2021 PostDoc with focus on applied nanomaterials at FU Berlin, Germany 04\/2019 &#8211; 11\/2021 PostDoc at National University of Singapore&nbsp;(in the Lab of Prof. Dr. Slaven Garaj) 02\/2017 &#8211; 12\/2018 PhD-student in organic chemistry at FU Berlin, Germany 09\/2014 &#8211; 02\/2017 PhD-student in organic chemistry at Joint Institute of&nbsp;Advanced Materials and Processes [&hellip;]<\/p>\n","protected":false},"author":1,"featured_media":0,"parent":125,"menu_order":4,"comment_status":"closed","ping_status":"closed","template":"","meta":{"footnotes":""},"_links":{"self":[{"href":"https:\/\/userpage.fu-berlin.de\/~eigler\/wp-json\/wp\/v2\/pages\/262"}],"collection":[{"href":"https:\/\/userpage.fu-berlin.de\/~eigler\/wp-json\/wp\/v2\/pages"}],"about":[{"href":"https:\/\/userpage.fu-berlin.de\/~eigler\/wp-json\/wp\/v2\/types\/page"}],"author":[{"embeddable":true,"href":"https:\/\/userpage.fu-berlin.de\/~eigler\/wp-json\/wp\/v2\/users\/1"}],"replies":[{"embeddable":true,"href":"https:\/\/userpage.fu-berlin.de\/~eigler\/wp-json\/wp\/v2\/comments?post=262"}],"version-history":[{"count":160,"href":"https:\/\/userpage.fu-berlin.de\/~eigler\/wp-json\/wp\/v2\/pages\/262\/revisions"}],"predecessor-version":[{"id":4210,"href":"https:\/\/userpage.fu-berlin.de\/~eigler\/wp-json\/wp\/v2\/pages\/262\/revisions\/4210"}],"up":[{"embeddable":true,"href":"https:\/\/userpage.fu-berlin.de\/~eigler\/wp-json\/wp\/v2\/pages\/125"}],"wp:attachment":[{"href":"https:\/\/userpage.fu-berlin.de\/~eigler\/wp-json\/wp\/v2\/media?parent=262"}],"curies":[{"name":"wp","href":"https:\/\/api.w.org\/{rel}","templated":true}]}}