{"id":254,"date":"2016-11-29T10:49:37","date_gmt":"2016-11-29T09:49:37","guid":{"rendered":"http:\/\/userpage.fu-berlin.de\/~eigler\/?page_id=254"},"modified":"2025-04-15T13:57:26","modified_gmt":"2025-04-15T11:57:26","slug":"m-sc-philipp-rietsch","status":"publish","type":"page","link":"https:\/\/userpage.fu-berlin.de\/~eigler\/home\/former-group-members\/m-sc-philipp-rietsch\/","title":{"rendered":"Dr. Philipp Rietsch"},"content":{"rendered":"<div>\n<table style=\"height: 351px;\" border=\"0\" width=\"821\">\n<tbody>\n<tr>\n<td><img loading=\"lazy\" decoding=\"async\" class=\"alignnone size-medium wp-image-259\" src=\"http:\/\/userpage.fu-berlin.de\/~eigler\/wp-content\/uploads\/2016\/11\/Philipp_Rietsch-248x300.jpg\" alt=\"philipp_rietsch\" width=\"248\" height=\"300\" srcset=\"https:\/\/userpage.fu-berlin.de\/~eigler\/wp-content\/uploads\/2016\/11\/Philipp_Rietsch-248x300.jpg 248w, https:\/\/userpage.fu-berlin.de\/~eigler\/wp-content\/uploads\/2016\/11\/Philipp_Rietsch.jpg 673w\" sizes=\"(max-width: 248px) 100vw, 248px\" \/><\/td>\n<td>\n<div class=\"ApplePlainTextBody\">\n<p>Dr. Philipp Rietsch<br \/>\n(Doctoral Candidate)<\/p>\n<p><span style=\"font-family: inherit; font-size: inherit;\">Freie Universit\u00e4t Berlin (FU-Berlin)<br \/>\n<\/span><span style=\"font-family: inherit; font-size: inherit;\">Institut f\u00fcr Chemie und Biochemie<br \/>\n<\/span><span style=\"font-family: inherit; font-size: inherit;\">Takustra\u00dfe 3<br \/>\n<\/span><span style=\"font-family: inherit; font-size: inherit;\">D-14195 Berlin,\u00a0<\/span><span style=\"font-family: inherit; font-size: inherit;\">Germany<br \/>\n<\/span><span style=\"font-family: inherit; font-size: inherit;\"><span style=\"font-family: inherit; font-size: inherit;\">Office: 24.12<\/span><\/span><\/p>\n<p><span style=\"font-family: inherit; font-size: inherit;\">Mail: <\/span><a style=\"font-family: inherit; font-size: inherit;\" href=\"mailto:philipp.rietsch@fu-berlin.de\">philipp.rietsch@fu-berlin.de<\/a><br \/>\n<span style=\"font-family: inherit; font-size: inherit;\">Phone: +49 (0) 30 838 908950<br \/>\n<\/span><\/p>\n<\/div>\n<\/td>\n<\/tr>\n<\/tbody>\n<\/table>\n<\/div>\n<div><\/div>\n<div>\n<div id=\"AppleMailSignature\">\n<div><strong>Scientific<\/strong><\/div>\n<div>\n<table style=\"height: 97px;\" width=\"590\">\n<tbody>\n<tr>\n<td>\n<div class=\"pub \"><strong>Master Thesis<br \/>\n<\/strong><em><em><em><span style=\"font-family: inherit; font-size: inherit;\">&#8220;<\/span>Development and Optimization of the Manufacturing Process of an Active Pharmaceutical Ingredient and Synthesis of a new API-derivative for Activity Screening.<span style=\"font-family: inherit; font-size: inherit;\">&#8220;<\/span><\/em><\/em><\/em><\/p>\n<\/div>\n<div class=\"pub \"><strong style=\"font-family: inherit; font-size: inherit;\">Bachelor Thesis<br \/>\n<\/strong><em><em><em>&#8220;Untersuchung der chemischen Struktur von Graphenoxid nach HCl-Behandlung.&#8221;<\/em><\/em><\/em><\/p>\n<\/div>\n<div><strong style=\"font-family: inherit; font-size: inherit;\">Research Topic<\/strong><\/div>\n<div class=\"pub \">\n<ul>\n<li>Molecules with high Dipole Moment<\/li>\n<li>Tailored Photophysical Properties of Molecules<\/li>\n<li>Interaction of Molecules with 2D Materials<\/li>\n<\/ul>\n<\/div>\n<\/td>\n<\/tr>\n<\/tbody>\n<\/table>\n<\/div>\n<\/div>\n<div>\n<div><\/div>\n<\/div>\n<p><strong>Curriculum Vitae<\/strong><\/p>\n<\/div>\n<div>\n<table border=\"0\">\n<tbody>\n<tr>\n<td>since Dec. 2016<\/td>\n<td>PhD Student, FU Berlin, Germany<\/td>\n<\/tr>\n<tr>\n<td>Feb.-Jul. 2016<\/td>\n<td>Master thesis, Merck KGaA Darmstadt \/ FAU Erlangen, Germany<\/td>\n<\/tr>\n<tr>\n<td>2011-2016<\/td>\n<td>Studies of Chemistry FAU Erlangen-N\u00fcrnberg, Germany<\/td>\n<\/tr>\n<\/tbody>\n<\/table>\n<\/div>\n<div>\n<div><\/div>\n<div><strong>Publications<\/strong><\/div>\n<div>\n<table>\n<tbody>\n<tr>\n<td>\n<div>\n<div>\n<div><strong>10)<\/strong> S. Trishin, T. \u00a0M\u00fcller, D. Rolf, C. Lotze, <strong>P. Rietsch<\/strong>, S. Eigler, B. Meyer and K. Franke<br \/>\n<em>Resolution of intramolecular dipoles and push-back effect of individuals molecules on a metal surface.<\/em><br \/>\n<a href=\"https:\/\/doi.org\/10.1021\/acs.jpcc.2c00334\">J. Phys. Chem. C\u00a0<strong>2022<\/strong><span class=\"cit-volume\">, 126<\/span><span class=\"cit-issue\">, 17<\/span><span class=\"cit-pageRange\">, 7667\u20137673.<\/span><\/a><\/p>\n<\/div>\n<div><strong>9)<\/strong>\u00a0<span style=\"font-family: inherit;\">F. Witte,\u00a0<strong>P. Rietsch<\/strong>, S. Sinha, A. R.\u00a0<\/span><span style=\"font-family: inherit;\">Krappe, J.-O. Joswig, J. Philipp G\u00f6tze, N. Nirmalananthan-Budau,\u00a0<\/span><span style=\"font-family: inherit;\">U. Resch-Genger, S. Eigler and B. Paulus<\/span><\/div>\n<div><em><span style=\"font-family: inherit;\">Fluorescence Quenching in J-aggregates Through the Formation of\u00a0<\/span><span style=\"font-family: inherit;\">Unusual Metastable Dimers.<\/span><\/em><\/div>\n<div><a style=\"font-family: inherit;\" href=\"https:\/\/doi.org\/10.1021\/acs.jpcb.1c01600\"><i>J. Phys. Chem. B, <\/i><b>2021<\/b><i>, DOI: <\/i><\/a><i style=\"font-family: inherit;\"><i style=\"font-family: inherit;\"><a href=\"https:\/\/doi.org\/10.1021\/acs.jpcb.1c01600\">10.1021\/acs.jpcb.1c01600<\/a><\/i><\/i><\/p>\n<\/div>\n<\/div>\n<\/div>\n<div>\n<div>\n<div>\n<div><strong style=\"font-family: inherit;\">8) P. Rietsch<\/strong><span style=\"font-family: inherit;\">, M. Zeyat, O. H\u00fcbner, K. Hoffmann, M. Kutter, A. Paskin, J. Uhlig, D. Lentz, U. Resch-Genger and S. Eigler<br \/>\n<\/span><em style=\"font-family: inherit;\">Substitution Pattern-Controlled Fluorescence Lifetimes of Fluoranthene Dyes.<br \/>\n<\/em><a style=\"font-family: inherit;\" href=\"https:\/\/doi.org\/10.1021\/acs.jpcb.0c08851\">J. Phys. Chem. B<i>, <\/i><b>2021<\/b><i>,<\/i><em>125<\/em>, 1207.<\/a><\/p>\n<\/div>\n<\/div>\n<\/div>\n<\/div>\n<div>\n<div><strong style=\"font-family: inherit;\">7)<\/strong><span style=\"font-family: inherit;\"> K. Greben,* S. Kovalchuk, A. M. \u00a0Valencia, J. Kirchhof, S. Heeg, <\/span><strong style=\"font-family: inherit;\">P. Rietsch<\/strong><span style=\"font-family: inherit;\">, S. Reich, C. Cocchi, S. Eigler and K. Bolotin<br \/>\n<\/span><em style=\"font-family: inherit;\">In situ functionalization of graphene.<br \/>\n<\/em><a style=\"font-family: inherit;\" href=\"https:\/\/doi.org\/10.1088\/2053-1583\/abc461\">2D Mater. <strong>2021<\/strong>,\u00a0<em>8,<\/em> 015022.<\/a><\/p>\n<\/div>\n<\/div>\n<div>\n<div class=\"page\" title=\"Page 2\">\n<div class=\"section\">\n<div class=\"layoutArea\">\n<div class=\"column\">\n<div class=\"page\" title=\"Page 2\">\n<div class=\"section\">\n<div class=\"layoutArea\">\n<div class=\"column\">\n<div class=\"page\" title=\"Page 1\">\n<div class=\"layoutArea\">\n<div class=\"column\">\n<p><strong>6) P. Rietsch<\/strong>,\u00a0S. Sobottka,\u00a0K. Hoffmann,\u00a0A. Popov, P. Hildebrandt,\u00a0B. Sarkar,\u00a0U. Resch-Genger* and S. Eigler*<br \/>\n<em><span style=\"font-family: inherit;\">Between Aromatic and Quinoid Structure: A symmetric UV to Vis\/NIR Benzothiadiazole Redox-Switch.<br \/>\n<\/span><\/em><a href=\"https:\/\/doi.org\/10.1002\/chem.202004009\">Chem. Eur. J.\u00a0<strong>2020<\/strong>,\u00a017361.<\/a><\/p>\n<\/div>\n<\/div>\n<\/div>\n<\/div>\n<\/div>\n<\/div>\n<\/div>\n<p><strong>5) P. Rietsch<\/strong>, S. Sobottka, K. Hoffmann, P. Hildebrandt, B. Sarkar, U. Resch-Genger* and S. Eigler*<br \/>\n<em><span style=\"font-family: inherit;\">Identification of the Irreversible RedOx Behavior of Highly Fluorescent Benzothiadiazoles.<br \/>\n<\/span><\/em><a style=\"font-family: inherit;\" href=\"https:\/\/doi.org\/10.1002\/cptc.202000050\">ChemPhotoChem\u00a0<strong>2020<\/strong><i>, 4, <\/i>668-673.<\/a><\/p>\n<\/div>\n<\/div>\n<\/div>\n<\/div>\n<\/div>\n<div><strong>4) P. Rietsch<\/strong>, J. Soyka, S. Br\u00fclls, J. Er, K. Hoffmann, J. Beerhues, B. Sarkar, U. Resch-Genger and S. Eigler<\/div>\n<div><em>Fluorescence of a Chiral Pentaphene Derivative Derived from the Hexabenzocoronene Motif.<\/em><\/div>\n<div><a href=\"https:\/\/pubs.rsc.org\/en\/content\/articlelanding\/2019\/CC\/C9CC05451K#!divAbstract\"> Chem. Commun. <strong>2019<\/strong>,<em> 55<\/em>, 10515-10518.<\/a><\/p>\n<div><strong>3)<\/strong> <strong>P. Rietsch<\/strong>, F. Witte, S. Sobottka, G. Germer, A. Becker, A. Guttler, B. Sarkar, B. Paulus, U. Resch-Genger and S. Eigler<\/div>\n<\/div>\n<div><em>Diaminodicyanoquinones: Fluorescent Dyes with High Dipole Moments and Electron?Acceptor Properties.<\/em><\/div>\n<div><a href=\"https:\/\/onlinelibrary.wiley.com\/doi\/full\/10.1002\/anie.201811192\">Angew. Chem. Int. Ed. <b>2019<\/b>, <em>58<\/em>, 8235.<\/a><\/p>\n<div><strong>2)<\/strong>\u00a0S. Seiler,\u00a0C. E. Halbig, F. Grote, <strong>P. Rietsch<\/strong>, F. B\u00f6rrnert, U. Kaiser, B. Meyer,* and S. Eigler*<\/div>\n<\/div>\n<p><em>Effect of Friction on Oxidative Graphite Intercalation and High-Quality Graphene Formation.<br \/>\n<\/em><a href=\"http:\/\/dx.doi.org\/10.1038\/s41467-018-03211-1\">Nature Commun.<em>,\u00a0<\/em><span class=\"pubYear\"><strong>2018<\/strong>,<em><span class=\"strong\">\u00a09<\/span><\/em><span class=\"strong\">, 836.<\/span><\/span><\/a><\/p>\n<div class=\"pub \"><strong><span class=\"pubNum\">1)<\/span><\/strong><span class=\"pubAutor\"> C. E. Halbig, <strong>P. Rietsch <\/strong>and S. Eigler<\/span><\/div>\n<div class=\"pub \"><em><span class=\"pubTitle\">Towards the Synthesis of Graphene Azide from Graphene Oxide.<\/span><\/em><\/div>\n<div class=\"pub \"><a href=\"https:\/\/dx.doi.org\/10.3390\/molecules201219747\" target=\"_blank\" rel=\"noopener\"><span class=\"pubJournal\">Molecules<\/span>,<strong> <span class=\"pubYear\">2015<\/span><\/strong>, <em><span class=\"pubVolume\">20<\/span><\/em>, <span class=\"pubPages\">21050-21057.<\/span><\/a><\/div>\n<\/td>\n<\/tr>\n<\/tbody>\n<\/table>\n<\/div>\n<div><\/div>\n<\/div>\n","protected":false},"excerpt":{"rendered":"<p>Dr. Philipp Rietsch (Doctoral Candidate) Freie Universit\u00e4t Berlin (FU-Berlin) Institut f\u00fcr Chemie und Biochemie Takustra\u00dfe 3 D-14195 Berlin,\u00a0Germany Office: 24.12 Mail: philipp.rietsch@fu-berlin.de Phone: +49 (0) 30 838 908950 Scientific Master Thesis &#8220;Development and Optimization of the Manufacturing Process of an Active Pharmaceutical Ingredient and Synthesis of a new API-derivative for Activity Screening.&#8220; Bachelor Thesis &#8220;Untersuchung [&hellip;]<\/p>\n","protected":false},"author":1,"featured_media":0,"parent":1201,"menu_order":8,"comment_status":"closed","ping_status":"closed","template":"","meta":{"footnotes":""},"_links":{"self":[{"href":"https:\/\/userpage.fu-berlin.de\/~eigler\/wp-json\/wp\/v2\/pages\/254"}],"collection":[{"href":"https:\/\/userpage.fu-berlin.de\/~eigler\/wp-json\/wp\/v2\/pages"}],"about":[{"href":"https:\/\/userpage.fu-berlin.de\/~eigler\/wp-json\/wp\/v2\/types\/page"}],"author":[{"embeddable":true,"href":"https:\/\/userpage.fu-berlin.de\/~eigler\/wp-json\/wp\/v2\/users\/1"}],"replies":[{"embeddable":true,"href":"https:\/\/userpage.fu-berlin.de\/~eigler\/wp-json\/wp\/v2\/comments?post=254"}],"version-history":[{"count":79,"href":"https:\/\/userpage.fu-berlin.de\/~eigler\/wp-json\/wp\/v2\/pages\/254\/revisions"}],"predecessor-version":[{"id":3304,"href":"https:\/\/userpage.fu-berlin.de\/~eigler\/wp-json\/wp\/v2\/pages\/254\/revisions\/3304"}],"up":[{"embeddable":true,"href":"https:\/\/userpage.fu-berlin.de\/~eigler\/wp-json\/wp\/v2\/pages\/1201"}],"wp:attachment":[{"href":"https:\/\/userpage.fu-berlin.de\/~eigler\/wp-json\/wp\/v2\/media?parent=254"}],"curies":[{"name":"wp","href":"https:\/\/api.w.org\/{rel}","templated":true}]}}