{"id":2268,"date":"2019-10-08T16:23:07","date_gmt":"2019-10-08T14:23:07","guid":{"rendered":"http:\/\/userpage.fu-berlin.de\/~eigler\/?page_id=2268"},"modified":"2025-04-15T13:36:46","modified_gmt":"2025-04-15T11:36:46","slug":"m-sc-ching-cao","status":"publish","type":"page","link":"https:\/\/userpage.fu-berlin.de\/~eigler\/home\/former-group-members\/m-sc-ching-cao\/","title":{"rendered":"Dr. Qing Cao"},"content":{"rendered":"\n<p><\/p>\n\n\n<div>\n<table border=\"0\" width=\"821\">\n<tbody>\n<tr>\n<td><img loading=\"lazy\" decoding=\"async\" class=\"size-medium wp-image-2432 aligncenter\" src=\"http:\/\/userpage.fu-berlin.de\/~eigler\/wp-content\/uploads\/2019\/11\/Qing-CAO-214x300.jpg\" alt=\"\" width=\"214\" height=\"300\" srcset=\"https:\/\/userpage.fu-berlin.de\/~eigler\/wp-content\/uploads\/2019\/11\/Qing-CAO-214x300.jpg 214w, https:\/\/userpage.fu-berlin.de\/~eigler\/wp-content\/uploads\/2019\/11\/Qing-CAO.jpg 571w\" sizes=\"(max-width: 214px) 100vw, 214px\" \/><\/td>\n<td>\n<div class=\"ApplePlainTextBody\">\n<p>Dr. Qing Cao<\/p>\n<p>Freie Universit\u00e4t Berlin (FU-Berlin)<br \/>Institut f\u00fcr Chemie und Biochemie (SupraFAB)<br \/>Altensteinstra\u00dfe 23A<br \/>D-14195 Berlin,\u00a0Germany<br \/>Office: 109<\/p>\n<p>Mail: <a href=\"mailto:qing.cao@fu-berlin.de\">qing.cao@fu-berlin.de<\/a><br \/>Phone: +49 (0) 30 838 51996<\/p>\n<\/div>\n<\/td>\n<\/tr>\n<\/tbody>\n<\/table>\n<\/div>\n<div>\u00a0<\/div>\n<div>\n<div id=\"AppleMailSignature\">\n<div><strong>Scientific<\/strong><\/div>\n<div>\n<table width=\"590\">\n<tbody>\n<tr>\n<td>\n<div class=\"pub \"><strong><strong>Master Thesis\u00a0<\/strong><\/strong><\/div>\n<div class=\"pub \"><em>&#8220;Studies on Preparation and Hydrogen Evolution Performance of Bimetallic Electrocatalysts&#8221;<\/em><\/div>\n<div class=\"pub \">\u00a0<\/div>\n<div><strong>Research Topic<\/strong><\/div>\n<div class=\"pub \">\n<ul>\n<li>Investigation of Electronic Properties of Functionalized 2D Heterostructures<\/li>\n<\/ul>\n<\/div>\n<\/td>\n<\/tr>\n<\/tbody>\n<\/table>\n<\/div>\n<\/div>\n<div>\n<div>\u00a0<\/div>\n<\/div>\n<p><strong>Curriculum Vitae<\/strong><\/p>\n<\/div>\n<div>\n<table style=\"height: 226px;\" border=\"0\" width=\"505\">\n<tbody>\n<tr>\n<td>10\/2019-07\/2024<\/td>\n<td>Ph.D. Candidate, FU Berlin, Germany<\/td>\n<\/tr>\n<tr>\n<td>09\/2016-06\/2019<\/td>\n<td>Master Studies of Chemistry at Nanjing Tech University, China<\/td>\n<\/tr>\n<tr>\n<td>09\/2012-06\/2016<\/td>\n<td>Bachelor Studies of Ploymer Materials at Shandong University of Science and Technology, China<\/td>\n<\/tr>\n<\/tbody>\n<\/table>\n<\/div>\n<div>\n<div>\u00a0<\/div>\n<div><strong>Publications<\/strong><\/div>\n<\/div>\n<div>\n<p><strong>15)\u00a0Q. Cao<\/strong>, J. Dai, Z. Hao, B. Paulus, S. Eigler, X. Chen*<br \/><em>Controllable Graphene\/MoS2 Heterointerfaces by Perpendicular Surface Functionalization.<\/em><br \/><a href=\"https:\/\/doi.org\/10.1002\/anie.202415922\"><em>Angew. Chem. Int. Ed.<\/em>\u00a0<strong>2024<\/strong>, e202415922.<\/a><\/p>\n<p><strong>14)<\/strong>\u00a0F. Grote, B. I. Weintrub, M. Kre\u00dfler, <strong>Q. Cao<\/strong>, C. E. Halbig, P. Kusch, K. Bolotin, S. Eigler*<br \/><em>Evidence for\u00a0Trans-Oligoene Chain Formation in Graphene Induced by Iodine.<\/em><br \/><a href=\"https:\/\/onlinelibrary.wiley.com\/doi\/10.1002\/smll.202311987\"><em>Small<\/em>\u00a0<strong>2024<\/strong>,\u00a0<em>20<\/em>, 2311987.<\/a><\/p>\n<p><strong>13) Q. Cao<\/strong>, M. Kre\u00dfler, M. Hu\u00dfmann, Y. Hu, P. Kusch, S. Eigler*<br \/>Photoluminescence Modulation of Graphene\/MoS2 <em>Heterostructures Separated by Laser-Induced Functionalization.<\/em><br \/><a href=\"https:\/\/doi.org\/10.1021\/acs.chemmater.3c03166\"><em>Chemistry of Materials <\/em><strong>2024<\/strong><span class=\"cit-volume\">, 36<span class=\"cit-issue\">, 7<\/span><span class=\"cit-pageRange\">, 3267\u20133276.<\/span><\/span><\/a><\/p>\n<p><strong>12)<\/strong> G. Li, Y. Hu, M. Li,* Y. Tang, Z. Zhang, A. Musiienko, <strong>Q. Cao<\/strong>, F. Akhundova, J. Li, K. Prashanthan, F. Yang, P. Janasik, A. N. S. Appiah, S. Trofimov, N. Livakas, S. Zuo, L. Wu, L. Wang, Y. Yang, B. Agyei-Tuffour, R. W. MacQueen, B. Naydenov, T. Unold, E. Unger, E. Aktas,* S. Eigler,* A. Abate*<br \/><span style=\"font-size: revert;\"><em>Managing Excess Lead Iodide with Functionalized Oxo-Graphene Nanosheets for Stable Perovskite Solar Cells.<\/em><br \/><\/span><a href=\"https:\/\/doi.org\/10.1002\/anie.202307395\"><em>Angew. Chem. Int. Ed.\u00a0<\/em><strong>2023<\/strong><\/a><span class=\"cit-volume\">, 62 (39) e202307395.<br \/><\/span><a href=\"https:\/\/doi.org\/10.1002\/ange.202307395\"><em>Angew. Chem.<\/em> <strong>2023<\/strong>, 135 (39), e202307395<\/a>.<\/p>\n<p><strong>11)<\/strong> Y. Wang, F. Grote, <strong>Q. Cao <\/strong>and S. Eigler*<br \/><em>Regiochemically Oxo-functionalized Graphene, Guided by Defect\u00a0Sites, as Catalyst for Oxygen Reduction to Hydrogen Peroxide.<\/em><br \/><a href=\"https:\/\/pubs.acs.org\/doi\/10.1021\/acs.jpclett.1c02957\">J. Phys. Chem. Lett.<strong> 2021<\/strong>, <em>12<\/em>, 10009?10014.<\/a><\/p>\n<\/div>\n<div><strong>10)<\/strong> Y. Hu, <strong>Q. Cao<\/strong>, C. Neumann, T. Lehnert, F. B\u00f6rrnert, Y. Wang, U. Kaiser, A. Turchanin and S. Eigler*<br \/><em>Wet-Chemical Synthesis of Solution-Processible Porous Graphene via Defect-Driven Etching.<\/em><br \/><a href=\"https:\/\/www.sciencedirect.com\/science\/article\/abs\/pii\/S0008622321009180?via%3Dihub\">Carbon <strong>2021<\/strong>, <em>185<\/em>, 568-577.<\/a><\/div>\n<div><strong>9)<\/strong> Z. Wang,<sup>1<\/sup> <strong>Q. Cao<\/strong>,<sup>1<\/sup> K. Sotthewes, Y. Hu, H. S. Shin* and S. Eigler*<br \/><em>Interlayer electron modulation in van der Waals heterostructures assembled by stacking monolayer MoS2 onto monolayer graphene with different electron transfer ability.<\/em><br \/><a href=\"https:\/\/pubs.rsc.org\/en\/content\/articlelanding\/2021\/NR\/D1NR03708K\">Nanoscale, <strong>2021<\/strong>, <em>13<\/em>, 15464-15470.<\/a><\/div>\n<div>\n<div><strong>8) <\/strong>Y. Wang, C. Neumann, M. Hu\u00dfmann, <strong>Q. Cao<\/strong>, Y. Hu, O. Garrity, P. Kusch, A. Turchanin and S. Eigler *<br \/><em>Synthesis of wet-chemically prepared porous-graphene single layers on Si\/SiO2 substrate increasing the photoluminescence of MoS2 in heterostructures.<\/em><br \/><a href=\"https:\/\/doi.org\/10.1002\/admi.202100783\">Adv. Mater. Int<\/a><a href=\"https:\/\/doi.org\/10.1002\/admi.202100783\">.<\/a><i><i><\/i><\/i><i><i><a href=\"https:\/\/doi.org\/10.1002\/admi.202100783\">, <\/a><\/i><\/i><a href=\"https:\/\/doi.org\/10.1002\/admi.202100783\"><b>2021<\/b><\/a><i><i><a href=\"https:\/\/doi.org\/10.1002\/admi.202100783\">,\u00a0 <span class=\"vol\">8<\/span>, <\/a><\/i><\/i><a href=\"https:\/\/doi.org\/10.1002\/admi.202100783\">2100783<\/a><i><i><\/i><\/i><i><i><a href=\"https:\/\/doi.org\/10.1002\/admi.202100783\">.<\/a><\/i><\/i><\/div>\n<div>\u00a0<\/div>\n<div>\n<div class=\"page\" title=\"Page 2\">\n<div class=\"section\">\n<div class=\"layoutArea\">\n<div class=\"column\">\n<div class=\"page\" title=\"Page 1\">\n<div class=\"layoutArea\">\n<div class=\"column\"><strong>7) Q. Cao<\/strong>, F. Grote, M. Hu\u00dfmann and S. Eigler*<\/div>\n<div class=\"column\"><em>Emerging Field of Few-layered Intercalated 2D Materials.<\/em><\/div>\n<div class=\"column\"><a href=\"https:\/\/doi.org\/10.1039\/D0NA00987C\">Nanoscale Advances<i>, <\/i><b>2021<\/b><i>, 3<\/i>, 963.<\/a><\/div>\n<\/div>\n<\/div>\n<\/div>\n<\/div>\n<\/div>\n<\/div>\n<\/div>\n<div>\u00a0<\/div>\n<div><span style=\"font-family: inherit; font-size: inherit;\"><strong>6<\/strong><\/span><strong>)<\/strong>\u00a0Guixiang Li, Jiayuan Yu, Ziqian Zhou, Renkun Li, Zhihua Xiang,\u00a0<strong>Qing Cao,\u00a0<\/strong>Lili Zhao, Xiwen Wang, \u00a0Xinwen Peng, Hong Liu* and Weijia Zhou*<\/div>\n<div><em>N-Doped Mo<sub>2<\/sub>C Nanobelts\/Graphene Nanosheets Bonded with Hydroxy Nanocellulose as Flexible and Editable Electrode for Hydrogen Evolution Reaction.<\/em><\/div>\n<div><a href=\"https:\/\/www.sciencedirect.com\/science\/article\/pii\/S2589004219303347\">iScience, <strong>2019<\/strong>, <em>19<\/em>, 1090-1100.<\/a><\/div>\n<\/div>\n<div><strong>5)<\/strong> Guixiang Li, Jingang Wang, Jiayuan Yu, Hui Liu, <strong>Qing Cao<\/strong>, Jialei Dua, Lili Zhao, Jin Jia, Hong Liu* and Weijia Zhou*\n<div><em>Ni-Ni<sub>3<\/sub>P nanoparticles embedded into N, P-doped carbon on 3D graphene frameworks via in situ phosphatization of saccharomycetes with multifunctional electrodes for electrocatalytic hydrogen production and anodic degradation.<\/em><\/div>\n<div><a href=\"https:\/\/www.sciencedirect.com\/science\/article\/abs\/pii\/S092633731930894X\">Applied Catalysis B: Environmental, <strong>2019<\/strong>, 118147.<\/a>\n<p><strong><br \/>4)<\/strong> Ping Li,<sup>1<\/sup>\u00a0<strong>Qing Cao<\/strong>,<sup>1<\/sup> Dehua Zheng,* Abdulmohsen Ali Alshehri, Yousef Gamaan Alghamidi, Khalid Ahmed Alzahrani, Minjun Kim, Jie Hou, Linfei Lai, Yusuke Yamauchi, Yusuke Ide, Yoshio Bando, Jeonghun Kim,\u00a0Victor Malgras*\u00a0and\u00a0Jianjian Lin*<br \/><em>Synthesis of Mesoporous TiO<sub>2<\/sub>-B Nanobelts with Highly Crystalized Walls toward Efficient H<sub>2<\/sub> Evolution.<\/em><br \/><a href=\"https:\/\/www.mdpi.com\/2079-4991\/9\/7\/919\">Nanomaterials, <strong>2019<\/strong>,<em> 9(7)<\/em>, 919.<\/a><\/p>\n<p><strong>3)<\/strong> <strong>Qing Cao<\/strong>,<sup>1<\/sup> Lili Zhao,<sup>1<\/sup> Aili Wang, Linjing Yang, Linfei Lai, Zhong-Li Wang, Jeonghun Kim, Weijia Zhou,* Yusuke Yamauchi* and Jianjian Lin*<br \/><em>Tailored Synthesis of Zn-N Co-doped Porous MoC Nanosheets toward Efficient Hydrogen Evolution.<\/em><br \/><a href=\"https:\/\/pubs.rsc.org\/en\/content\/articlelanding\/2018\/nr\/c8nr07463a\/unauth#!divAbstract\">Nanoscale,<strong> 2019<\/strong>, <em>11<\/em>, 1700\u20131709.<\/a><\/p>\n<p><strong>2)<\/strong> Lili Zhao, Zhiyuan Yang, <strong>Qing Cao<\/strong>, Linjing Yang, Xiaofei Zhang, Jin Jia, Yuanhua Sang, Hsin-Jay Wu, Weijia Zhou* and Hong Liu*<br \/><em>An earth-abundant and multifunctional Ni nanosheets array as electrocatalysts and heat absorption layer integrated thermoelectric device for overall water splitting.<\/em><br \/><a href=\"https:\/\/www.sciencedirect.com\/science\/article\/pii\/S2211285518308486\">Nano Energy, <strong>2019<\/strong>, <em>56<\/em>, 563\u2013570.<\/a><\/p>\n<p><strong>1)<\/strong> Lili Zhao, <strong>Qing Cao<\/strong>, Aili Wang, Jiazhi Duan, Weijia Zhou*, Yuanhua Sang* and Hong Liu*<br \/><em>Iron oxide embedded titania nanowires \u2013 An active and stable electrocatalyst for oxygen evolution in acidic media.<\/em><br \/><a href=\"https:\/\/www.sciencedirect.com\/science\/article\/pii\/S2211285517308042?via%3Dihub\">Nano Energy, <strong>2018<\/strong>, <em>45<\/em>, 118\u2013126.<\/a><\/p>\n<p>\u00b9 These authors contributed equally to the manuscript.<\/p>\n<\/div>\n<div>\n<div>\u00a0<\/div>\n<\/div>\n<\/div>","protected":false},"excerpt":{"rendered":"<p>Dr. Qing Cao Freie Universit\u00e4t Berlin (FU-Berlin)Institut f\u00fcr Chemie und Biochemie (SupraFAB)Altensteinstra\u00dfe 23AD-14195 Berlin,\u00a0GermanyOffice: 109 Mail: qing.cao@fu-berlin.dePhone: +49 (0) 30 838 51996 \u00a0 Scientific Master Thesis\u00a0 &#8220;Studies on Preparation and Hydrogen Evolution Performance of Bimetallic Electrocatalysts&#8221; \u00a0 Research Topic Investigation of Electronic Properties of Functionalized 2D Heterostructures \u00a0 Curriculum Vitae 10\/2019-07\/2024 Ph.D. Candidate, FU Berlin, [&hellip;]<\/p>\n","protected":false},"author":13,"featured_media":0,"parent":1201,"menu_order":1,"comment_status":"closed","ping_status":"closed","template":"","meta":{"footnotes":""},"_links":{"self":[{"href":"https:\/\/userpage.fu-berlin.de\/~eigler\/wp-json\/wp\/v2\/pages\/2268"}],"collection":[{"href":"https:\/\/userpage.fu-berlin.de\/~eigler\/wp-json\/wp\/v2\/pages"}],"about":[{"href":"https:\/\/userpage.fu-berlin.de\/~eigler\/wp-json\/wp\/v2\/types\/page"}],"author":[{"embeddable":true,"href":"https:\/\/userpage.fu-berlin.de\/~eigler\/wp-json\/wp\/v2\/users\/13"}],"replies":[{"embeddable":true,"href":"https:\/\/userpage.fu-berlin.de\/~eigler\/wp-json\/wp\/v2\/comments?post=2268"}],"version-history":[{"count":57,"href":"https:\/\/userpage.fu-berlin.de\/~eigler\/wp-json\/wp\/v2\/pages\/2268\/revisions"}],"predecessor-version":[{"id":4025,"href":"https:\/\/userpage.fu-berlin.de\/~eigler\/wp-json\/wp\/v2\/pages\/2268\/revisions\/4025"}],"up":[{"embeddable":true,"href":"https:\/\/userpage.fu-berlin.de\/~eigler\/wp-json\/wp\/v2\/pages\/1201"}],"wp:attachment":[{"href":"https:\/\/userpage.fu-berlin.de\/~eigler\/wp-json\/wp\/v2\/media?parent=2268"}],"curies":[{"name":"wp","href":"https:\/\/api.w.org\/{rel}","templated":true}]}}