{"id":2204,"date":"2019-10-07T11:26:16","date_gmt":"2019-10-07T09:26:16","guid":{"rendered":"http:\/\/userpage.fu-berlin.de\/~eigler\/?page_id=2204"},"modified":"2025-04-15T13:12:43","modified_gmt":"2025-04-15T11:12:43","slug":"m-sc-lucia-merkel","status":"publish","type":"page","link":"https:\/\/userpage.fu-berlin.de\/~eigler\/home\/former-group-members\/m-sc-lucia-merkel\/","title":{"rendered":"Dr. Lucia Merkel"},"content":{"rendered":"<div>\n<table border=\"0\" width=\"821\">\n<tbody>\n<tr>\n<td><img loading=\"lazy\" decoding=\"async\" class=\"wp-image-2455 aligncenter\" src=\"http:\/\/userpage.fu-berlin.de\/~eigler\/wp-content\/uploads\/2019\/11\/Merkel.png\" alt=\"\" width=\"195\" height=\"255\" srcset=\"https:\/\/userpage.fu-berlin.de\/~eigler\/wp-content\/uploads\/2019\/11\/Merkel.png 528w, https:\/\/userpage.fu-berlin.de\/~eigler\/wp-content\/uploads\/2019\/11\/Merkel-229x300.png 229w\" sizes=\"(max-width: 195px) 100vw, 195px\" \/><\/td>\n<td>\n<div class=\"ApplePlainTextBody\">\n<p>Dr. Lucia Merkel<br \/>\n(Doctoral Candidate)<\/p>\n<p>Freie Universit\u00e4t Berlin (FU-Berlin)<br \/>\nInstitut f\u00fcr Chemie und Biochemie (SupraFAB)<br \/>\nAltensteinstra\u00dfe 23A<br \/>\nD-14195 Berlin,\u00a0Germany<br \/>\nOffice: 208<\/p>\n<p>Mail: <a href=\"mailto:lucia.merkel@fu-berlin.de\">lucia.merkel@fu-berlin.de<\/a><br \/>\nPhone: +49 (0) 30 838 60248<\/p>\n<\/div>\n<\/td>\n<\/tr>\n<\/tbody>\n<\/table>\n<\/div>\n<div><\/div>\n<div>\n<div id=\"AppleMailSignature\">\n<div><strong>Scientific<\/strong><\/div>\n<div>\n<table width=\"590\">\n<tbody>\n<tr>\n<td>\n<div class=\"pub \"><strong>Master Thesis<br \/>\n<\/strong><em><em>&#8220;Strong Field Ionization Probing of<\/em><\/em> <em>N<sub>2<\/sub>O<sub>4<\/sub> Intramolecular Vibration with Ion Coincidence Imaging.&#8221; (Max-Born-Institut Berlin)<\/em><\/div>\n<div class=\"pub \"><strong><br \/>\nBachelor Thesis<br \/>\n<\/strong><em><em>&#8220;Untersuchung der Interaktion von Upconversion-Nanopartikeln mit Goldnanost\u00e4bchen.&#8221;<\/em><\/em><\/div>\n<div><strong>Research Topic<\/strong><\/div>\n<div class=\"pub \">\n<ul>\n<li>Chemistry of Graphene Nanoribbons<\/li>\n<li>Functionalization and Characterization of 2D Materials<\/li>\n<li>Ultracentrifugation<\/li>\n<\/ul>\n<\/div>\n<\/td>\n<\/tr>\n<\/tbody>\n<\/table>\n<\/div>\n<\/div>\n<div>\n<div><\/div>\n<\/div>\n<p><strong>Curriculum Vitae<\/strong><\/p>\n<\/div>\n<div>\n<table border=\"0\" width=\"445\">\n<tbody>\n<tr>\n<td>since 10\/2019<\/td>\n<td>Doctoral Candidate, FU Berlin, Germany<\/td>\n<\/tr>\n<tr>\n<td>2016-2019<\/td>\n<td>Master Studies of Chemistry at FU Berlin, Germany<\/td>\n<\/tr>\n<tr>\n<td>2013-2016<\/td>\n<td>Bachelor Studies of Chemistry at FU Berlin, Germany<\/td>\n<\/tr>\n<\/tbody>\n<\/table>\n<\/div>\n<div>\n<div><\/div>\n<div><strong>Publications<\/strong><\/div>\n<table>\n<tbody>\n<tr>\n<td>\n<div>\n<p><strong>3) L. Merkel<\/strong>, C. Neumann, C. E. Halbig, A. Habel, X. Chen, A. Turchanin,\u00a0S. Eigler*<br \/>\n<span style=\"font-size: revert;\"><em>Orthogonal Functionalization of Oxo-Graphene Nanoribbons.<\/em><br \/>\n<\/span><a href=\"https:\/\/chemistry-europe.onlinelibrary.wiley.com\/doi\/10.1002\/chem.202403645?af=R\"><em>Chem. Eur. J.<\/em>\u00a0<strong>2025<\/strong>, e202403645.<\/a><\/p>\n<\/div>\n<div><\/div>\n<div><strong>2) L. Merkel<\/strong>, A. Setaro, C. Halbig, S. Shimizu, T. Yoshii, H. Nishihara, T. Hilal, G. Algara-Siller, C. Koch, S. Eigler*<br \/>\n<em>Structural Model of Oxidatively Unzipped Narrow Single-Walled Carbon Nanotubes.<\/em><br \/>\n<a href=\"https:\/\/doi.org\/10.1016\/j.carbon.2024.119454\"><em>Carbon<\/em>\u00a0<strong>2024<\/strong>, <em>229<\/em>, 119454.<\/a><\/p>\n<\/div>\n<div class=\"pub \"><strong>1)<\/strong> E. Antonsson, F. Gerke, <strong>L. Merkel<\/strong>, I. Halfpap, B. Langer and E. R\u00fchl<\/div>\n<div class=\"pub \"><em>Size-?Dependent Ion Emission Asymmetry of Free NaCl Nanoparticles Excited by Intense Femtosecond Laser Pulses.<\/em><\/div>\n<div class=\"pub \"><a href=\"https:\/\/pubs.rsc.org\/en\/content\/articlelanding\/2019\/CP\/C9CP00696F#!divAbstract\">PCCP, <strong>2019<\/strong>, <em>21<\/em>, 12130-12138.<\/a><\/div>\n<\/td>\n<\/tr>\n<\/tbody>\n<\/table>\n<div><\/div>\n<\/div>\n","protected":false},"excerpt":{"rendered":"<p>Dr. Lucia Merkel (Doctoral Candidate) Freie Universit\u00e4t Berlin (FU-Berlin) Institut f\u00fcr Chemie und Biochemie (SupraFAB) Altensteinstra\u00dfe 23A D-14195 Berlin,\u00a0Germany Office: 208 Mail: lucia.merkel@fu-berlin.de Phone: +49 (0) 30 838 60248 Scientific Master Thesis &#8220;Strong Field Ionization Probing of N2O4 Intramolecular Vibration with Ion Coincidence Imaging.&#8221; (Max-Born-Institut Berlin) Bachelor Thesis &#8220;Untersuchung der Interaktion von Upconversion-Nanopartikeln mit Goldnanost\u00e4bchen.&#8221; [&hellip;]<\/p>\n","protected":false},"author":13,"featured_media":0,"parent":1201,"menu_order":7,"comment_status":"closed","ping_status":"closed","template":"","meta":{"footnotes":""},"_links":{"self":[{"href":"https:\/\/userpage.fu-berlin.de\/~eigler\/wp-json\/wp\/v2\/pages\/2204"}],"collection":[{"href":"https:\/\/userpage.fu-berlin.de\/~eigler\/wp-json\/wp\/v2\/pages"}],"about":[{"href":"https:\/\/userpage.fu-berlin.de\/~eigler\/wp-json\/wp\/v2\/types\/page"}],"author":[{"embeddable":true,"href":"https:\/\/userpage.fu-berlin.de\/~eigler\/wp-json\/wp\/v2\/users\/13"}],"replies":[{"embeddable":true,"href":"https:\/\/userpage.fu-berlin.de\/~eigler\/wp-json\/wp\/v2\/comments?post=2204"}],"version-history":[{"count":22,"href":"https:\/\/userpage.fu-berlin.de\/~eigler\/wp-json\/wp\/v2\/pages\/2204\/revisions"}],"predecessor-version":[{"id":4018,"href":"https:\/\/userpage.fu-berlin.de\/~eigler\/wp-json\/wp\/v2\/pages\/2204\/revisions\/4018"}],"up":[{"embeddable":true,"href":"https:\/\/userpage.fu-berlin.de\/~eigler\/wp-json\/wp\/v2\/pages\/1201"}],"wp:attachment":[{"href":"https:\/\/userpage.fu-berlin.de\/~eigler\/wp-json\/wp\/v2\/media?parent=2204"}],"curies":[{"name":"wp","href":"https:\/\/api.w.org\/{rel}","templated":true}]}}