{"id":1768,"date":"2019-05-02T17:17:41","date_gmt":"2019-05-02T15:17:41","guid":{"rendered":"http:\/\/userpage.fu-berlin.de\/~eigler\/?page_id=1768"},"modified":"2025-04-15T13:57:42","modified_gmt":"2025-04-15T11:57:42","slug":"yiqing-wang","status":"publish","type":"page","link":"https:\/\/userpage.fu-berlin.de\/~eigler\/home\/former-group-members\/yiqing-wang\/","title":{"rendered":"Dr. Yiqing Wang"},"content":{"rendered":"<div>\n<table style=\"height: 321px;\" border=\"0\" width=\"907\">\n<tbody>\n<tr>\n<td><img loading=\"lazy\" decoding=\"async\" class=\"alignnone wp-image-1776 size-medium aligncenter\" src=\"http:\/\/userpage.fu-berlin.de\/~eigler\/wp-content\/uploads\/2019\/05\/Yiqing-Wang-225x300.jpg\" alt=\"\" width=\"225\" height=\"300\" srcset=\"https:\/\/userpage.fu-berlin.de\/~eigler\/wp-content\/uploads\/2019\/05\/Yiqing-Wang-225x300.jpg 225w, https:\/\/userpage.fu-berlin.de\/~eigler\/wp-content\/uploads\/2019\/05\/Yiqing-Wang-768x1024.jpg 768w, https:\/\/userpage.fu-berlin.de\/~eigler\/wp-content\/uploads\/2019\/05\/Yiqing-Wang.jpg 1938w\" sizes=\"(max-width: 225px) 100vw, 225px\" \/><\/td>\n<td>\n<p>Dr. Yiqing Wang<\/p>\n<p>Freie Universit\u00e4t Berlin (FU-Berlin)<br \/>Institut f\u00fcr Chemie und Biochemie<br \/>Takustra\u00dfe 3<br \/>D-14195 Berlin,\u00a0Germany<\/p>\n<p>Office: 24.12<\/p>\n<p>Mail:\u00a0<a href=\"mailto:yiqing.wang@fu-berlin.de\">yiqing.wang@fu-berlin.de<\/a><br \/>Phone: +49 (0) 30 838 915385<\/p>\n<\/td>\n<\/tr>\n<\/tbody>\n<\/table>\n<\/div>\n<div>\u00a0<\/div>\n<p>Scientific<\/p>\n<div>\n<table width=\"590\">\n<tbody>\n<tr>\n<td>\n<p><strong>Master Thesis<br \/><\/strong>Preparation of the nitrogen-doped carbon-based materials and their electrocatalysis toward oxygen reduction reaction.<\/p>\n<p><strong>PhD-Topic<\/strong><\/p>\n<p>Structural and electrochemical properties of oxo-functionalized graphene.<\/p>\n<\/td>\n<\/tr>\n<\/tbody>\n<\/table>\n<p>Curriculum Vitae<\/p>\n<div>\n<table style=\"height: 255px;\" border=\"0\" width=\"579\">\n<tbody>\n<tr>\n<td>since 04\/2019<\/td>\n<td>\n<p>PhD Student, FU Berlin, Germany<\/p>\n<\/td>\n<\/tr>\n<tr>\n<td>10\/2018-03\/2019<\/td>\n<td>\n<p>PhD Student, RUB, Germany<\/p>\n<\/td>\n<\/tr>\n<tr>\n<td>2015-2018<\/td>\n<td>\n<p>Master of Chemical Engineering at Shihezi University, China<\/p>\n<\/td>\n<\/tr>\n<tr>\n<td>2011-2015<\/td>\n<td>Bachelor of Applied Chemistry at Liaocheng University, China<\/td>\n<\/tr>\n<\/tbody>\n<\/table>\n<\/div>\n<div>\n<div>\u00a0<\/div>\n<div>Publications<\/div>\n<\/div>\n<table width=\"1139\">\n<tbody>\n<tr>\n<td>\n<div class=\"page\" title=\"Page 2\">\n<div class=\"section\">\n<div class=\"layoutArea\">\n<div class=\"column\">\n<div class=\"page\" title=\"Page 1\">\n<div class=\"layoutArea\">\n<div class=\"column\">\n<p><strong>10) Y. Wang,*<\/strong>\u00a0S. Eigler*<br \/><em>Electrochemical identification and quantification of through-plane proton channels in graphene oxide membranes.<\/em><br \/><a href=\"https:\/\/doi.org\/10.1002\/anie.202412669\"><em>Angew. Chem. Int. Ed.<\/em>\u00a0<strong>2025<\/strong>, e202412669<\/a>.<\/p>\n<p><strong>9)<\/strong> <strong>Y. Wang<\/strong>,\u00a0S. Eigler*\u00a0<br \/><em>Influence of the coffee-ring effect and size of flakes of graphene oxide films<\/em> <em>on the electrochemical reduction.\u00a0<br \/><\/em><a href=\"https:\/\/pubs.rsc.org\/en\/Content\/ArticleLanding\/2022\/CP\/D1CP05015J\">Phys. Chem. Chem. Phys. <strong>2022<\/strong>, DOI: 10.1039\/D1CP05015.<\/a><\/p>\n<p><strong>8)<\/strong> <strong>Y. Wang<\/strong>, F. Grote , Q. Cao and S. Eigler*\u00a0<br \/><em>Regiochemically Oxo-functionalized Graphene, Guided by Defect<\/em><em>\u00a0Sites, as Catalyst for Oxygen Reduction to Hydrogen Peroxide.\u00a0<br \/><\/em><a href=\"https:\/\/pubs.acs.org\/doi\/10.1021\/acs.jpclett.1c02957\">J. Phys. Chem. Lett. <strong>2021<\/strong>, <em>12, <\/em>10009?10014.<\/a><\/p>\n<p><strong>7)<\/strong> Y. Hu, Q. Cao, C. Neumann, T. Lehnert, F. B\u00f6rrnert, <strong>Y. Wang<\/strong>, U. Kaiser, A. Turchanin and S. Eigler*<br \/><em>Wet-Chemical Synthesis of Solution-Processible Porous Graphene via Defect-Driven Etching.<\/em><br \/><a href=\"https:\/\/www.sciencedirect.com\/science\/article\/abs\/pii\/S0008622321009180?via%3Dihub\">Carbon, <strong>2021<\/strong>, <em>185<\/em>, 568-577.<\/a><\/p>\n<p><strong>6)<\/strong> <strong>Y. Wang<\/strong>, C. Neumann, M. Hu\u00dfmann, Q. Cao, Y. Hu, O. Garrity, P. Kusch, A. Turchanin and S. Eigler *<br \/><em>Synthesis of wet-chemically prepared porous-graphene single layers on Si\/SiO2 substrate increasing the photoluminescence of MoS2 in heterostructures.<\/em><br \/><a href=\"https:\/\/doi.org\/10.1002\/admi.202100783\">Adv. Mater. Int.<i>, <b>2021<\/b>,\u00a0 <span class=\"vol\">8<\/span>, <\/i>2100783<i>.<\/i><\/a><i><a href=\"https:\/\/onlinelibrary.wiley.com\/doi\/10.1002\/admi.202170095\">(Frontispiece)<\/a><\/i><\/p>\n<p><a href=\"https:\/\/onlinelibrary.wiley.com\/doi\/toc\/10.1002\/(ISSN)1521-4095.hottopic-carbon\">Highlighted in Advanced Materials: Hot Topic: Carbon, Graphite and Graphene<\/a><\/p>\n<p><a href=\"https:\/\/chemistry-europe.onlinelibrary.wiley.com\/doi\/toc\/10.1002\/(ISSN)1864-564X.hottopic-membranes\">Highlighted in ChemSumChem: Hot Topic: Membranes<\/a><\/p>\n<p><strong>5)<\/strong> <strong>Y. Wang<\/strong>,\u00a0M. Zhu, Y. Li, M. Zhang, X. Xue, Y. Shi, B. Dai, X. Guo and F. Yu<br \/><em>Heteroatom-doped porous carbon from methy dye wastewater for oxygen reduction.<\/em> <br \/><a href=\"https:\/\/www.sciencedirect.com\/science\/article\/pii\/S2468025717300857?via%3Dihub\">Green Energy &amp; Environment<i>,<\/i>\u00a0<strong>2018<\/strong>,\u00a0<em>3.2<\/em>, 172-178.<\/a><\/p>\n<p><strong>4)\u00a0<\/strong>X.\u00a0Liu,\u00a0 J<strong>.\u00a0<\/strong>Kang,\u00a0<strong>Y. Wang<\/strong>, W<strong>.\u00a0<\/strong>Li, H<strong>.\u00a0<\/strong>Guo, L. Xu, X<strong>.\u00a0<\/strong>Guo, F<strong>. <\/strong>Zhou and X. Jia<br \/><em>Amine?Triggered Dopamine Polymerization: From Aqueous Solution to Organic Solvents.<\/em><br \/><a href=\"https:\/\/onlinelibrary.wiley.com\/doi\/10.1002\/marc.201800160\">Macromolecular rapid communications,\u00a0<strong>2018<\/strong>,\u00a0<i>39<\/i>(12), 1800160.<\/a><\/p>\n<\/div>\n<\/div>\n<\/div>\n<\/div>\n<\/div>\n<\/div>\n<\/div>\n<p><strong>3)<\/strong> <strong>Y. Wang<\/strong>, F. Yu, M. Zhu, C. Ma, D. Zhao, C. Wang, A. Zhou, B. Dai, J. Ji and X. Guo<br \/><em>N-Doping of Plasma Exfoliated Graphene Oxide via Dielectric Barrier Discharge Plasma Treatment for Oxygen Reduction Reaction.<br \/><\/em><a href=\"https:\/\/pubs.rsc.org\/en\/content\/articlelanding\/2018\/ta\/c7ta08607e#!divAbstract\">J. Mater. Chem. A, <strong>2018<\/strong>, <em>6<\/em>, 2011-2017. <\/a><a href=\"https:\/\/pubs.rsc.org\/en\/content\/articlelanding\/2018\/ta\/c8ta90025f\">(inside back cover)<\/a><\/p>\n<p><strong>2)<\/strong> <strong>Y. Wang<\/strong>, M. Zhu, G. Wang, B. Dai, F. Yu, Z. Tian and X. Guo<br \/><em>Enhanced Oxygen Reduction Reaction by In Situ Anchoring Fe<sub>2<\/sub>N Nanoparticles on Nitrogen-Doped Pomelo Peel-Derived Carbon.<br \/><\/em><a href=\"https:\/\/www.mdpi.com\/2079-4991\/7\/11\/404\">Nanomaterials, <strong>2017<\/strong>, <em>7<\/em> (11), 404.<\/a><\/p>\n<p><strong>1)<\/strong>\u00a0L. Shi\u00b9, T. Wu\u00b9, <strong>Y. Wang\u00b9<\/strong>, J. Zhang, G. Wang, J. Zhang, B. Dai and Y. Feng<br \/><em>Nitrogen-doped carbon nanoparticles for oxygen reduction prepared via a crushing method involving a high shear mixer.<\/em><br \/><a href=\"https:\/\/www.mdpi.com\/1996-1944\/10\/9\/1030\">Materials,\u00a0<strong>2017<\/strong>,\u00a0<i>10<\/i>(9), 1030.<\/a><\/p>\n<\/td>\n<\/tr>\n<\/tbody>\n<\/table>\n<\/div>\n\n\n<figure class=\"wp-block-table\"><table><tbody><tr><td>\u00b9 These authors contributed equally to the manuscript.<\/td><\/tr><\/tbody><\/table><\/figure>\n","protected":false},"excerpt":{"rendered":"<p>Dr. Yiqing Wang Freie Universit\u00e4t Berlin (FU-Berlin)Institut f\u00fcr Chemie und BiochemieTakustra\u00dfe 3D-14195 Berlin,\u00a0Germany Office: 24.12 Mail:\u00a0yiqing.wang@fu-berlin.dePhone: +49 (0) 30 838 915385 \u00a0 Scientific Master ThesisPreparation of the nitrogen-doped carbon-based materials and their electrocatalysis toward oxygen reduction reaction. PhD-Topic Structural and electrochemical properties of oxo-functionalized graphene. Curriculum Vitae since 04\/2019 PhD Student, FU Berlin, Germany 10\/2018-03\/2019 [&hellip;]<\/p>\n","protected":false},"author":1,"featured_media":0,"parent":1201,"menu_order":10,"comment_status":"closed","ping_status":"closed","template":"","meta":{"footnotes":""},"_links":{"self":[{"href":"https:\/\/userpage.fu-berlin.de\/~eigler\/wp-json\/wp\/v2\/pages\/1768"}],"collection":[{"href":"https:\/\/userpage.fu-berlin.de\/~eigler\/wp-json\/wp\/v2\/pages"}],"about":[{"href":"https:\/\/userpage.fu-berlin.de\/~eigler\/wp-json\/wp\/v2\/types\/page"}],"author":[{"embeddable":true,"href":"https:\/\/userpage.fu-berlin.de\/~eigler\/wp-json\/wp\/v2\/users\/1"}],"replies":[{"embeddable":true,"href":"https:\/\/userpage.fu-berlin.de\/~eigler\/wp-json\/wp\/v2\/comments?post=1768"}],"version-history":[{"count":86,"href":"https:\/\/userpage.fu-berlin.de\/~eigler\/wp-json\/wp\/v2\/pages\/1768\/revisions"}],"predecessor-version":[{"id":4028,"href":"https:\/\/userpage.fu-berlin.de\/~eigler\/wp-json\/wp\/v2\/pages\/1768\/revisions\/4028"}],"up":[{"embeddable":true,"href":"https:\/\/userpage.fu-berlin.de\/~eigler\/wp-json\/wp\/v2\/pages\/1201"}],"wp:attachment":[{"href":"https:\/\/userpage.fu-berlin.de\/~eigler\/wp-json\/wp\/v2\/media?parent=1768"}],"curies":[{"name":"wp","href":"https:\/\/api.w.org\/{rel}","templated":true}]}}