{"id":1037,"date":"2018-02-16T11:46:44","date_gmt":"2018-02-16T10:46:44","guid":{"rendered":"http:\/\/userpage.fu-berlin.de\/~eigler\/?page_id=1037"},"modified":"2024-08-01T16:21:01","modified_gmt":"2024-08-01T14:21:01","slug":"melanie-wellmann-sekretariat","status":"publish","type":"page","link":"https:\/\/userpage.fu-berlin.de\/~eigler\/home\/melanie-wellmann-sekretariat\/","title":{"rendered":"Melanie Wellmann (Secretary)"},"content":{"rendered":"\n<p>Freie Universit\u00e4t Berlin (FU-Berlin)<br>Institut f\u00fcr Chemie und Biochemie (SupraFAB)<br>Altensteinstra\u00dfe 23A<br>D-14195 Berlin, Germany<\/p>\n\n\n\n<p>Office: 211<\/p>\n\n\n\n<p><a href=\"mailto:melanie.wellmann@fu-berlin.de\">melanie.wellmann@fu-berlin.de<\/a><\/p>\n\n\n\n<p>Tel.: +49 (0) 30 838 64601<\/p>\n\n\n\n<p><a href=\"http:\/\/www.bcp.fu-berlin.de\/chemie\/chemie\/forschung\/OrgChem\/eigler\/index.html\">FU Berlin<\/a><\/p>\n","protected":false},"excerpt":{"rendered":"<p>Freie Universit\u00e4t Berlin (FU-Berlin)Institut f\u00fcr Chemie und Biochemie (SupraFAB)Altensteinstra\u00dfe 23AD-14195 Berlin, Germany Office: 211 melanie.wellmann@fu-berlin.de Tel.: +49 (0) 30 838 64601 FU Berlin<\/p>\n","protected":false},"author":4,"featured_media":0,"parent":125,"menu_order":2,"comment_status":"closed","ping_status":"closed","template":"","meta":{"footnotes":""},"_links":{"self":[{"href":"https:\/\/userpage.fu-berlin.de\/~eigler\/wp-json\/wp\/v2\/pages\/1037"}],"collection":[{"href":"https:\/\/userpage.fu-berlin.de\/~eigler\/wp-json\/wp\/v2\/pages"}],"about":[{"href":"https:\/\/userpage.fu-berlin.de\/~eigler\/wp-json\/wp\/v2\/types\/page"}],"author":[{"embeddable":true,"href":"https:\/\/userpage.fu-berlin.de\/~eigler\/wp-json\/wp\/v2\/users\/4"}],"replies":[{"embeddable":true,"href":"https:\/\/userpage.fu-berlin.de\/~eigler\/wp-json\/wp\/v2\/comments?post=1037"}],"version-history":[{"count":15,"href":"https:\/\/userpage.fu-berlin.de\/~eigler\/wp-json\/wp\/v2\/pages\/1037\/revisions"}],"predecessor-version":[{"id":3818,"href":"https:\/\/userpage.fu-berlin.de\/~eigler\/wp-json\/wp\/v2\/pages\/1037\/revisions\/3818"}],"up":[{"embeddable":true,"href":"https:\/\/userpage.fu-berlin.de\/~eigler\/wp-json\/wp\/v2\/pages\/125"}],"wp:attachment":[{"href":"https:\/\/userpage.fu-berlin.de\/~eigler\/wp-json\/wp\/v2\/media?parent=1037"}],"curies":[{"name":"wp","href":"https:\/\/api.w.org\/{rel}","templated":true}]}}